{"id":2417,"date":"2015-02-02T04:31:36","date_gmt":"2015-02-02T04:31:36","guid":{"rendered":"http:\/\/rttheme19.rtthemes.com\/our-portfolio-2\/"},"modified":"2024-10-11T09:45:02","modified_gmt":"2024-10-11T08:45:02","slug":"instalime-komerciale","status":"publish","type":"page","link":"https:\/\/www.albklima.com\/site\/instalime-komerciale\/","title":{"rendered":"INSTALIME KOMERCIALE"},"content":{"rendered":"<div class=\"wpb-content-wrapper\"><p>[vc_row rt_row_background_width=&#8221;fullwidth&#8221; rt_row_content_width=&#8221;default&#8221; rt_row_style=&#8221;light-style&#8221; rt_row_borders=&#8221;&#8221; rt_row_paddings=&#8221;true&#8221; rt_bg_image=&#8221;3166&#8243; rt_bg_effect=&#8221;parallax&#8221; rt_bg_parallax_effect=&#8221;1&#8243; rt_bg_image_repeat=&#8221;no-repeat&#8221; rt_bg_size=&#8221;cover&#8221; rt_bg_position=&#8221;right top&#8221; rt_bg_video_format=&#8221;self-hosted&#8221; rt_padding_top=&#8221;74&#8243; rt_padding_bottom=&#8221;64&#8243;][vc_column rt_wrp_col_paddings=&#8221;false&#8221; rt_border_top=&#8221;&#8221; rt_border_bottom=&#8221;&#8221; rt_border_left=&#8221;&#8221; rt_border_right=&#8221;&#8221; rt_border_top_mobile=&#8221;&#8221; rt_border_bottom_mobile=&#8221;&#8221; rt_border_left_mobile=&#8221;&#8221; rt_border_right_mobile=&#8221;&#8221; rt_bg_image_repeat=&#8221;repeat&#8221; rt_bg_size=&#8221;auto auto&#8221; rt_bg_position=&#8221;right top&#8221; rt_bg_attachment=&#8221;scroll&#8221;]<div class=\"rt_heading_wrapper style-5\">\n\t\t\t\t\t\t<h1 class=\"rt_heading  style-5\" >INSTALIME KOMERCIALE DHE INDUSTRIALE<\/h1>\n\t\t\t\t\t<\/div>[vc_column_text]Cilesi te larte ne sherbimin ndaj klienteve &#8211; para e mbas shitjes[\/vc_column_text][\/vc_column][\/vc_row][vc_row rt_row_background_width=&#8221;default&#8221; rt_row_style=&#8221;default-style&#8221; rt_row_borders=&#8221;&#8221; rt_overlap=&#8221;true&#8221; rt_row_paddings=&#8221;true&#8221; rt_bg_effect=&#8221;classic&#8221; rt_bg_image_repeat=&#8221;repeat&#8221; rt_bg_size=&#8221;cover&#8221; rt_bg_position=&#8221;right top&#8221; rt_bg_attachment=&#8221;scroll&#8221; rt_bg_video_format=&#8221;self-hosted&#8221;][vc_column width=&#8221;1\/2&#8243; rt_wrp_col_paddings=&#8221;false&#8221; rt_border_top=&#8221;&#8221; rt_border_bottom=&#8221;&#8221; rt_border_left=&#8221;&#8221; rt_border_right=&#8221;&#8221; rt_border_top_mobile=&#8221;&#8221; rt_border_bottom_mobile=&#8221;&#8221; rt_border_left_mobile=&#8221;&#8221; rt_border_right_mobile=&#8221;&#8221; rt_bg_image_repeat=&#8221;repeat&#8221; rt_bg_size=&#8221;auto auto&#8221; rt_bg_position=&#8221;right top&#8221; rt_bg_attachment=&#8221;scroll&#8221;][vc_text_separator title=&#8221;Mir\u00eb se vini n\u00eb bot\u00ebn e Sistemeve t\u00eb Kondicionimit dhe Ventilimit t\u00eb AlbKlima sh.p.k.&#8221; color=&#8221;blue&#8221;]\n<div id=\"product-dynamicID-268025\" class=\"product_holder product-showcase clearfix \" data-column-width=\"1\">\n\n<div class=\"product_item_holder\">\n\n\t\t\t<div class=\"featured_image\"> \n\t\t\t<!-- product image -->\n\t\t\t<div class=\"featured_image\"> \n\t\t\t\t<a href=\"https:\/\/www.albklima.com\/site\/product-details\/komerciale-sdv4\/\" title=\"KONDICIONER\u00cb KOMERCIAL\u00cb SDV4\" rel=\"bookmark\" class=\"imgeffect link\"><img decoding=\"async\" src=\"https:\/\/www.albklima.com\/site\/wp-content\/uploads\/2015\/02\/epc-budap800-640x480.jpg\" alt=\"\" class=\"\" \/><\/a> \n\t\t\t<\/div> \n\t\t<\/div> \n\t\n\n\t\n\t\t\n\n\t\n<\/div><\/div>\n[vc_separator style=&#8221;style-2&#8243;][\/vc_column][vc_column width=&#8221;1\/2&#8243; rt_wrp_col_paddings=&#8221;false&#8221; rt_border_top=&#8221;&#8221; rt_border_bottom=&#8221;&#8221; rt_border_left=&#8221;&#8221; rt_border_right=&#8221;&#8221; rt_border_top_mobile=&#8221;&#8221; rt_border_bottom_mobile=&#8221;&#8221; rt_border_left_mobile=&#8221;&#8221; rt_border_right_mobile=&#8221;&#8221; rt_bg_image_repeat=&#8221;repeat&#8221; rt_bg_size=&#8221;auto auto&#8221; rt_bg_position=&#8221;right top&#8221; rt_bg_attachment=&#8221;scroll&#8221;][vc_text_separator title=&#8221;20 VJET PERVOJE NE INSTALIME KOMERCIALE DHE INDUSTRIALE&#8221;]\r\n\t\t\t\t<div id=\"slider-image-carousel-847993\" class=\"rt-carousel rt-image-carousel carousel-holder clearfix rt-image-carousel \" data-item-width=\"1\" data-nav=\"true\" data-dots=\"false\" data-margin=\"\" data-autoplay=\"true\" data-timeout=\"3000\" data-loop=\"false\" data-tablet-item-width=\"1\" data-mobile-item-width=\"1\">\r\n\t\t\t\t\t<div class=\"owl-carousel\">\r\n\t\t\t\t\t\t<div><a id=\"lightbox-197514\" class=\"imgeffect zoom lightbox_\" data-group=\"slider-carousel-707315\" title=\"Enlarge Image\" data-title=\"hotl-001\" data-sub-html=\"#lightbox-197514-description\" data-thumbnail=\"https:\/\/www.albklima.com\/site\/wp-content\/uploads\/2015\/02\/hotl-001-75x50.jpg\" data-thumbTooltip=\"\" data-scaleUp=\"\" data-href=\"\" data-width=\"\" data-height=\"\" data-flashHasPriority=\"\" data-poster=\"\" data-autoplay=\"\" data-audiotitle=\"\" data-html=\"\" href=\"https:\/\/www.albklima.com\/site\/wp-content\/uploads\/2015\/02\/hotl-001.jpg\" ><img decoding=\"async\" src=\"https:\/\/www.albklima.com\/site\/wp-content\/uploads\/2015\/02\/hotl-001.jpg\" alt=\"\" itemprop=\"image\"><\/a>\r\n\t\t\t<div class=\"lighbox-description hidden\" id=\"lightbox-197514-description\">\r\n\t\t\t\t<strong>hotl-001<\/strong><br>\r\n\t\t\t\t\r\n\t\t\t<\/div><\/div><div><a id=\"lightbox-160760\" class=\"imgeffect zoom lightbox_\" data-group=\"slider-carousel-707315\" title=\"Enlarge Image\" data-title=\"gonst-003-en\" data-sub-html=\"#lightbox-160760-description\" data-thumbnail=\"https:\/\/www.albklima.com\/site\/wp-content\/uploads\/2015\/02\/gonst-003-en-75x50.jpg\" data-thumbTooltip=\"\" data-scaleUp=\"\" data-href=\"\" data-width=\"\" data-height=\"\" data-flashHasPriority=\"\" data-poster=\"\" data-autoplay=\"\" data-audiotitle=\"\" data-html=\"\" href=\"https:\/\/www.albklima.com\/site\/wp-content\/uploads\/2015\/02\/gonst-003-en.jpg\" ><img decoding=\"async\" src=\"https:\/\/www.albklima.com\/site\/wp-content\/uploads\/2015\/02\/gonst-003-en.jpg\" alt=\"\" itemprop=\"image\"><\/a>\r\n\t\t\t<div class=\"lighbox-description hidden\" id=\"lightbox-160760-description\">\r\n\t\t\t\t<strong>gonst-003-en<\/strong><br>\r\n\t\t\t\t\r\n\t\t\t<\/div><\/div><div><a id=\"lightbox-298216\" class=\"imgeffect zoom lightbox_\" data-group=\"slider-carousel-707315\" title=\"Enlarge Image\" data-title=\"epc-004\" data-sub-html=\"#lightbox-298216-description\" data-thumbnail=\"https:\/\/www.albklima.com\/site\/wp-content\/uploads\/2015\/02\/epc-004-75x50.jpg\" data-thumbTooltip=\"\" data-scaleUp=\"\" data-href=\"\" data-width=\"\" data-height=\"\" data-flashHasPriority=\"\" data-poster=\"\" data-autoplay=\"\" data-audiotitle=\"\" data-html=\"\" href=\"https:\/\/www.albklima.com\/site\/wp-content\/uploads\/2015\/02\/epc-004.jpg\" ><img decoding=\"async\" src=\"https:\/\/www.albklima.com\/site\/wp-content\/uploads\/2015\/02\/epc-004.jpg\" alt=\"\" itemprop=\"image\"><\/a>\r\n\t\t\t<div class=\"lighbox-description hidden\" id=\"lightbox-298216-description\">\r\n\t\t\t\t<strong>epc-004<\/strong><br>\r\n\t\t\t\t\r\n\t\t\t<\/div><\/div><div><a id=\"lightbox-859279\" class=\"imgeffect zoom lightbox_\" data-group=\"slider-carousel-707315\" title=\"Enlarge Image\" data-title=\"sdv-wls-004\" data-sub-html=\"#lightbox-859279-description\" data-thumbnail=\"https:\/\/www.albklima.com\/site\/wp-content\/uploads\/2015\/02\/sdv-wls-004-75x50.jpg\" data-thumbTooltip=\"\" data-scaleUp=\"\" data-href=\"\" data-width=\"\" data-height=\"\" data-flashHasPriority=\"\" data-poster=\"\" data-autoplay=\"\" data-audiotitle=\"\" data-html=\"\" href=\"https:\/\/www.albklima.com\/site\/wp-content\/uploads\/2015\/02\/sdv-wls-004.jpg\" ><img decoding=\"async\" src=\"https:\/\/www.albklima.com\/site\/wp-content\/uploads\/2015\/02\/sdv-wls-004.jpg\" alt=\"\" itemprop=\"image\"><\/a>\r\n\t\t\t<div class=\"lighbox-description hidden\" id=\"lightbox-859279-description\">\r\n\t\t\t\t<strong>sdv-wls-004<\/strong><br>\r\n\t\t\t\t\r\n\t\t\t<\/div><\/div><div><a id=\"lightbox-451908\" class=\"imgeffect zoom lightbox_\" data-group=\"slider-carousel-707315\" title=\"Enlarge Image\" data-title=\"sdv-wls003\" data-sub-html=\"#lightbox-451908-description\" data-thumbnail=\"https:\/\/www.albklima.com\/site\/wp-content\/uploads\/2015\/02\/sdv-wls003-75x50.jpg\" data-thumbTooltip=\"\" data-scaleUp=\"\" data-href=\"\" data-width=\"\" data-height=\"\" data-flashHasPriority=\"\" data-poster=\"\" data-autoplay=\"\" data-audiotitle=\"\" data-html=\"\" href=\"https:\/\/www.albklima.com\/site\/wp-content\/uploads\/2015\/02\/sdv-wls003.jpg\" ><img decoding=\"async\" src=\"https:\/\/www.albklima.com\/site\/wp-content\/uploads\/2015\/02\/sdv-wls003.jpg\" alt=\"\" itemprop=\"image\"><\/a>\r\n\t\t\t<div class=\"lighbox-description hidden\" id=\"lightbox-451908-description\">\r\n\t\t\t\t<strong>sdv-wls003<\/strong><br>\r\n\t\t\t\t\r\n\t\t\t<\/div><\/div><div><a id=\"lightbox-899296\" class=\"imgeffect zoom lightbox_\" data-group=\"slider-carousel-707315\" title=\"Enlarge Image\" data-title=\"hotl-001\" data-sub-html=\"#lightbox-899296-description\" data-thumbnail=\"https:\/\/www.albklima.com\/site\/wp-content\/uploads\/2015\/02\/hotl-001-1-75x50.jpg\" data-thumbTooltip=\"\" data-scaleUp=\"\" data-href=\"\" data-width=\"\" data-height=\"\" data-flashHasPriority=\"\" data-poster=\"\" data-autoplay=\"\" data-audiotitle=\"\" data-html=\"\" href=\"https:\/\/www.albklima.com\/site\/wp-content\/uploads\/2015\/02\/hotl-001-1.jpg\" ><img decoding=\"async\" src=\"https:\/\/www.albklima.com\/site\/wp-content\/uploads\/2015\/02\/hotl-001-1.jpg\" alt=\"\" itemprop=\"image\"><\/a>\r\n\t\t\t<div class=\"lighbox-description hidden\" id=\"lightbox-899296-description\">\r\n\t\t\t\t<strong>hotl-001<\/strong><br>\r\n\t\t\t\t\r\n\t\t\t<\/div><\/div>\r\n\t\t\t\t\t<\/div>\r\n\t\t\t\t\t\r\n\t\t\t\t<\/div>\r\n\t\t\t[\/vc_column][\/vc_row][vc_row rt_row_background_width=&#8221;default&#8221; rt_row_style=&#8221;default-style&#8221; rt_row_borders=&#8221;&#8221; rt_row_paddings=&#8221;true&#8221; rt_bg_effect=&#8221;classic&#8221; rt_bg_image_repeat=&#8221;repeat&#8221; rt_bg_size=&#8221;cover&#8221; rt_bg_position=&#8221;right top&#8221; rt_bg_attachment=&#8221;scroll&#8221; rt_bg_video_format=&#8221;self-hosted&#8221;][vc_column rt_wrp_col_paddings=&#8221;false&#8221; rt_border_top=&#8221;&#8221; rt_border_bottom=&#8221;&#8221; rt_border_left=&#8221;&#8221; rt_border_right=&#8221;&#8221; rt_border_top_mobile=&#8221;&#8221; rt_border_bottom_mobile=&#8221;&#8221; rt_border_left_mobile=&#8221;&#8221; rt_border_right_mobile=&#8221;&#8221; rt_bg_image_repeat=&#8221;repeat&#8221; rt_bg_size=&#8221;auto auto&#8221; rt_bg_position=&#8221;right top&#8221; rt_bg_attachment=&#8221;scroll&#8221;][vc_column_text]We offer individual SDV6 with side discharge air outdoor units in different cooling and heating capacities. Outdoor units support the option for connecting an interface for BMS. Indoor units are supplied separately.<\/p>\n<p>We offer individual SDV6 outdoor units with top air dicharge in different cooling and heating capacities. Outdoor units support the option for connecting an interface for BMS. Indoor units are supplied separately.<\/p>\n<p>We offer modular SDV6 outdoor units in different cooling and heating capacities. Modular outdoor units with top air discharge could be connected together max 3 pcs up to 270 kW capacity. Outdoor units support the option for connecting an interface for BMS. Indoor units are supplied separately.[\/vc_column_text][\/vc_column][\/vc_row][vc_row rt_row_background_width=&#8221;default&#8221; rt_row_style=&#8221;light-style&#8221; rt_row_borders=&#8221;top,bottom&#8221; rt_grid=&#8221;true&#8221; rt_row_paddings=&#8221;true&#8221; rt_bg_effect=&#8221;classic&#8221; rt_bg_image_repeat=&#8221;repeat&#8221; rt_bg_size=&#8221;cover&#8221; rt_bg_position=&#8221;right top&#8221; rt_bg_attachment=&#8221;scroll&#8221; rt_bg_video_format=&#8221;self-hosted&#8221;][vc_column width=&#8221;1\/3&#8243; rt_color_set=&#8221;light-style&#8221; rt_wrp_col_paddings=&#8221;false&#8221; rt_border_top=&#8221;&#8221; rt_border_bottom=&#8221;&#8221; rt_border_left=&#8221;&#8221; rt_border_right=&#8221;&#8221; rt_border_top_mobile=&#8221;&#8221; rt_border_bottom_mobile=&#8221;&#8221; rt_border_left_mobile=&#8221;&#8221; rt_border_right_mobile=&#8221;&#8221; rt_bg_image_repeat=&#8221;repeat&#8221; rt_bg_size=&#8221;auto auto&#8221; rt_bg_position=&#8221;right top&#8221; rt_bg_attachment=&#8221;scroll&#8221; rt_padding_top=&#8221;10&#8243; rt_padding_bottom=&#8221;10&#8243; rt_padding_left=&#8221;10&#8243; rt_padding_right=&#8221;10&#8243; rt_bg_color=&#8221;rgba(221,51,51,0.5)&#8221;][vc_column_text]<\/p>\n<ul>\n<li>Gam\u00eb e gjer\u00eb, DC inverter smart dhe smart individual.<\/li>\n<li>Gam\u00eb e gjer\u00eb rregullimi dhe dizajn modern.<\/li>\n<li>Tenkologji moderne DC Inverter.<\/li>\n<li>Kontrollues universal DC inverter wirelles, me tel, koh\u00ebmat\u00ebs javor.<\/li>\n<li>Menaxhim Inteligjent: Operacion riciclimi i nj\u00ebsis\u00eb s\u00eb jashtme<\/li>\n<\/ul>\n<p>[\/vc_column_text][\/vc_column][vc_column width=&#8221;1\/3&#8243; rt_color_set=&#8221;light-style&#8221; rt_wrp_col_paddings=&#8221;false&#8221; rt_border_top=&#8221;&#8221; rt_border_bottom=&#8221;&#8221; rt_border_left=&#8221;&#8221; rt_border_right=&#8221;&#8221; rt_border_top_mobile=&#8221;&#8221; rt_border_bottom_mobile=&#8221;&#8221; rt_border_left_mobile=&#8221;&#8221; rt_border_right_mobile=&#8221;&#8221; rt_bg_image_repeat=&#8221;repeat&#8221; rt_bg_size=&#8221;auto auto&#8221; rt_bg_position=&#8221;right top&#8221; rt_bg_attachment=&#8221;scroll&#8221; rt_bg_color=&#8221;rgba(150,196,35,0.5)&#8221; rt_padding_top=&#8221;10&#8243; rt_padding_bottom=&#8221;10&#8243; rt_padding_left=&#8221;10&#8243; rt_padding_right=&#8221;10&#8243;][vc_column_text]<\/p>\n<ul>\n<li>Efikasitet i lart\u00eb: DC inverter kursen 25 p\u00ebr qind t\u00eb energjis\u00eb.<\/li>\n<li>Kapacitet i p\u00ebrmir\u00ebsuar i rendimentit n\u00eb ngrohje.<\/li>\n<li>Shkrirje Inteligjente<\/li>\n<li>Punim i qet\u00eb e pa zhurmame nj\u00eb presion statik deri 80Pa,<\/li>\n<\/ul>\n<p>[\/vc_column_text][\/vc_column][vc_column width=&#8221;1\/3&#8243; rt_color_set=&#8221;light-style&#8221; rt_wrp_col_paddings=&#8221;false&#8221; rt_border_top=&#8221;&#8221; rt_border_bottom=&#8221;&#8221; rt_border_left=&#8221;&#8221; rt_border_right=&#8221;&#8221; rt_border_top_mobile=&#8221;&#8221; rt_border_bottom_mobile=&#8221;&#8221; rt_border_left_mobile=&#8221;&#8221; rt_border_right_mobile=&#8221;&#8221; rt_bg_image_repeat=&#8221;repeat&#8221; rt_bg_size=&#8221;auto auto&#8221; rt_bg_position=&#8221;right top&#8221; rt_bg_attachment=&#8221;scroll&#8221; rt_bg_color=&#8221;rgba(10,112,181,0.5)&#8221; rt_padding_top=&#8221;10&#8243; rt_padding_bottom=&#8221;10&#8243; rt_padding_left=&#8221;10&#8243; rt_padding_right=&#8221;10&#8243;][vc_column_text]<\/p>\n<ul>\n<li>Transport, Instalim, dhe mir\u00ebmbajtje e leht\u00eb<\/li>\n<li>M\u00eb shum\u00eb kombinime: nga 25.2kW (8HP) deri n\u00eb 180kW (64HP)<\/li>\n<li>Teknologji inteligjente kontrolli: Auto-shp\u00ebrndar\u00ebs<\/li>\n<li>Kontroll n\u00eb rrjet: Teknologji e monitorimit n\u00eb distanc\u00eb<\/li>\n<\/ul>\n<p>[\/vc_column_text][\/vc_column][\/vc_row]<\/p>\n<\/div>","protected":false},"excerpt":{"rendered":"<p>[vc_row rt_row_background_width=&#8221;fullwidth&#8221; rt_row_content_width=&#8221;default&#8221; rt_row_style=&#8221;light-style&#8221; rt_row_borders=&#8221;&#8221; rt_row_paddings=&#8221;true&#8221; rt_bg_image=&#8221;3166&#8243; rt_bg_effect=&#8221;parallax&#8221; rt_bg_parallax_effect=&#8221;1&#8243; rt_bg_image_repeat=&#8221;no-repeat&#8221; rt_bg_size=&#8221;cover&#8221; rt_bg_position=&#8221;right top&#8221; rt_bg_video_format=&#8221;self-hosted&#8221; rt_padding_top=&#8221;74&#8243; rt_padding_bottom=&#8221;64&#8243;][vc_column rt_wrp_col_paddings=&#8221;false&#8221; rt_border_top=&#8221;&#8221; rt_border_bottom=&#8221;&#8221; rt_border_left=&#8221;&#8221; rt_border_right=&#8221;&#8221; rt_border_top_mobile=&#8221;&#8221; rt_border_bottom_mobile=&#8221;&#8221; rt_border_left_mobile=&#8221;&#8221; rt_border_right_mobile=&#8221;&#8221; rt_bg_image_repeat=&#8221;repeat&#8221; rt_bg_size=&#8221;auto auto&#8221; rt_bg_position=&#8221;right top&#8221; rt_bg_attachment=&#8221;scroll&#8221;][vc_column_text]Cilesi te larte ne sherbimin ndaj klienteve &#8211; para e mbas shitjes[\/vc_column_text][\/vc_column][\/vc_row][vc_row rt_row_background_width=&#8221;default&#8221; rt_row_style=&#8221;default-style&#8221; rt_row_borders=&#8221;&#8221; rt_overlap=&#8221;true&#8221; rt_row_paddings=&#8221;true&#8221; rt_bg_effect=&#8221;classic&#8221; rt_bg_image_repeat=&#8221;repeat&#8221; rt_bg_size=&#8221;cover&#8221; rt_bg_position=&#8221;right top&#8221; rt_bg_attachment=&#8221;scroll&#8221; rt_bg_video_format=&#8221;self-hosted&#8221;][vc_column width=&#8221;1\/2&#8243; [&hellip;]<\/p>\n","protected":false},"author":1,"featured_media":0,"parent":0,"menu_order":0,"comment_status":"closed","ping_status":"closed","template":"","meta":{"footnotes":""},"class_list":["post-2417","page","type-page","status-publish","hentry"],"_links":{"self":[{"href":"https:\/\/www.albklima.com\/site\/wp-json\/wp\/v2\/pages\/2417","targetHints":{"allow":["GET"]}}],"collection":[{"href":"https:\/\/www.albklima.com\/site\/wp-json\/wp\/v2\/pages"}],"about":[{"href":"https:\/\/www.albklima.com\/site\/wp-json\/wp\/v2\/types\/page"}],"author":[{"embeddable":true,"href":"https:\/\/www.albklima.com\/site\/wp-json\/wp\/v2\/users\/1"}],"replies":[{"embeddable":true,"href":"https:\/\/www.albklima.com\/site\/wp-json\/wp\/v2\/comments?post=2417"}],"version-history":[{"count":0,"href":"https:\/\/www.albklima.com\/site\/wp-json\/wp\/v2\/pages\/2417\/revisions"}],"wp:attachment":[{"href":"https:\/\/www.albklima.com\/site\/wp-json\/wp\/v2\/media?parent=2417"}],"curies":[{"name":"wp","href":"https:\/\/api.w.org\/{rel}","templated":true}]}}