{"id":2419,"date":"2015-02-02T04:31:36","date_gmt":"2015-02-02T04:31:36","guid":{"rendered":"http:\/\/rttheme19.rtthemes.com\/our-portfolio-2-2\/"},"modified":"2018-01-11T18:03:12","modified_gmt":"2018-01-11T17:03:12","slug":"water-chiller","status":"publish","type":"page","link":"https:\/\/www.albklima.com\/site\/water-chiller\/","title":{"rendered":"SISTEME TE FTOHJES ME UJE"},"content":{"rendered":"<div class=\"wpb-content-wrapper\"><p>[vc_row rt_row_background_width=&#8221;fullwidth&#8221; rt_row_content_width=&#8221;default&#8221; rt_row_style=&#8221;light-style&#8221; rt_row_borders=&#8221;&#8221; rt_row_paddings=&#8221;true&#8221; rt_bg_image=&#8221;3797&#8243; rt_bg_effect=&#8221;classic&#8221; rt_bg_image_repeat=&#8221;repeat&#8221; rt_bg_size=&#8221;cover&#8221; rt_bg_position=&#8221;right top&#8221; rt_bg_attachment=&#8221;scroll&#8221; rt_bg_video_format=&#8221;self-hosted&#8221; rt_padding_top=&#8221;95&#8243; rt_padding_bottom=&#8221;75&#8243; rt_padding_left=&#8221;120&#8243;][vc_column rt_bg_image_repeat=&#8221;repeat&#8221; rt_bg_size=&#8221;auto auto&#8221; rt_bg_attachment=&#8221;scroll&#8221;]<div class=\"rt_heading_wrapper style-3\">\n\t\t\t\t\t\t<h1 class=\"rt_heading  style-3\" ><span class=\"icon-cog-1 heading_icon\"><\/span>THERMOCOLD WATER CHILLER<\/h1>\n\t\t\t\t\t<\/div>[\/vc_column][\/vc_row][vc_row rt_row_background_width=&#8221;default&#8221; rt_row_style=&#8221;default-style&#8221; rt_row_borders=&#8221;&#8221; rt_overlap=&#8221;true&#8221; rt_row_paddings=&#8221;true&#8221; rt_bg_effect=&#8221;classic&#8221; rt_bg_image_repeat=&#8221;repeat&#8221; rt_bg_size=&#8221;cover&#8221; rt_bg_position=&#8221;right top&#8221; rt_bg_attachment=&#8221;scroll&#8221; rt_bg_video_format=&#8221;self-hosted&#8221;][vc_column width=&#8221;1\/2&#8243; rt_bg_image_repeat=&#8221;repeat&#8221; rt_bg_size=&#8221;auto auto&#8221; rt_bg_attachment=&#8221;scroll&#8221;]\r\n\t\t\t\t<div id=\"slider-image-carousel-574401\" class=\"rt-carousel rt-image-carousel carousel-holder clearfix rt-image-carousel \" data-item-width=\"1\" data-nav=\"false\" data-dots=\"true\" data-margin=\"\" data-autoplay=\"true\" data-timeout=\"3000\" data-loop=\"false\" data-tablet-item-width=\"\" data-mobile-item-width=\"1\">\r\n\t\t\t\t\t<div class=\"owl-carousel\">\r\n\t\t\t\t\t\t<div><a id=\"lightbox-988677\" class=\"imgeffect zoom lightbox_\" data-group=\"slider-carousel-292853\" title=\"Enlarge Image\" data-title=\"THERMOCOLD\" data-sub-html=\"#lightbox-988677-description\" data-thumbnail=\"https:\/\/www.albklima.com\/site\/wp-content\/uploads\/2015\/02\/thermocold1-75x50.jpg\" data-thumbTooltip=\"\" data-scaleUp=\"\" data-href=\"\" data-width=\"\" data-height=\"\" data-flashHasPriority=\"\" data-poster=\"\" data-autoplay=\"\" data-audiotitle=\"\" data-html=\"\" href=\"https:\/\/www.albklima.com\/site\/wp-content\/uploads\/2015\/02\/thermocold1.jpg\" ><img decoding=\"async\" src=\"https:\/\/www.albklima.com\/site\/wp-content\/uploads\/2015\/02\/thermocold1.jpg\" alt=\"\" itemprop=\"image\"><\/a>\r\n\t\t\t<div class=\"lighbox-description hidden\" id=\"lightbox-988677-description\">\r\n\t\t\t\t<strong>THERMOCOLD<\/strong><br>\r\n\t\t\t\t\r\n\t\t\t<\/div><\/div><div><a id=\"lightbox-977884\" class=\"imgeffect zoom lightbox_\" data-group=\"slider-carousel-292853\" title=\"Enlarge Image\" data-title=\"THERMOCOLD\" data-sub-html=\"#lightbox-977884-description\" data-thumbnail=\"https:\/\/www.albklima.com\/site\/wp-content\/uploads\/2015\/02\/thermocold2-75x50.jpg\" data-thumbTooltip=\"\" data-scaleUp=\"\" data-href=\"\" data-width=\"\" data-height=\"\" data-flashHasPriority=\"\" data-poster=\"\" data-autoplay=\"\" data-audiotitle=\"\" data-html=\"\" href=\"https:\/\/www.albklima.com\/site\/wp-content\/uploads\/2015\/02\/thermocold2.jpg\" ><img decoding=\"async\" src=\"https:\/\/www.albklima.com\/site\/wp-content\/uploads\/2015\/02\/thermocold2.jpg\" alt=\"\" itemprop=\"image\"><\/a>\r\n\t\t\t<div class=\"lighbox-description hidden\" id=\"lightbox-977884-description\">\r\n\t\t\t\t<strong>THERMOCOLD<\/strong><br>\r\n\t\t\t\t\r\n\t\t\t<\/div><\/div><div><a id=\"lightbox-523743\" class=\"imgeffect zoom lightbox_\" data-group=\"slider-carousel-292853\" title=\"Enlarge Image\" data-title=\"THERMOCOLD\" data-sub-html=\"#lightbox-523743-description\" data-thumbnail=\"https:\/\/www.albklima.com\/site\/wp-content\/uploads\/2015\/02\/thermocold3-75x50.jpg\" data-thumbTooltip=\"\" data-scaleUp=\"\" data-href=\"\" data-width=\"\" data-height=\"\" data-flashHasPriority=\"\" data-poster=\"\" data-autoplay=\"\" data-audiotitle=\"\" data-html=\"\" href=\"https:\/\/www.albklima.com\/site\/wp-content\/uploads\/2015\/02\/thermocold3.jpg\" ><img decoding=\"async\" src=\"https:\/\/www.albklima.com\/site\/wp-content\/uploads\/2015\/02\/thermocold3.jpg\" alt=\"\" itemprop=\"image\"><\/a>\r\n\t\t\t<div class=\"lighbox-description hidden\" id=\"lightbox-523743-description\">\r\n\t\t\t\t<strong>THERMOCOLD<\/strong><br>\r\n\t\t\t\t\r\n\t\t\t<\/div><\/div><div><a id=\"lightbox-868292\" class=\"imgeffect zoom lightbox_\" data-group=\"slider-carousel-292853\" title=\"Enlarge Image\" data-title=\"THERMOCOLD\" data-sub-html=\"#lightbox-868292-description\" data-thumbnail=\"https:\/\/www.albklima.com\/site\/wp-content\/uploads\/2015\/02\/thermocold4-75x50.jpg\" data-thumbTooltip=\"\" data-scaleUp=\"\" data-href=\"\" data-width=\"\" data-height=\"\" data-flashHasPriority=\"\" data-poster=\"\" data-autoplay=\"\" data-audiotitle=\"\" data-html=\"\" href=\"https:\/\/www.albklima.com\/site\/wp-content\/uploads\/2015\/02\/thermocold4.jpg\" ><img decoding=\"async\" src=\"https:\/\/www.albklima.com\/site\/wp-content\/uploads\/2015\/02\/thermocold4.jpg\" alt=\"\" itemprop=\"image\"><\/a>\r\n\t\t\t<div class=\"lighbox-description hidden\" id=\"lightbox-868292-description\">\r\n\t\t\t\t<strong>THERMOCOLD<\/strong><br>\r\n\t\t\t\t\r\n\t\t\t<\/div><\/div><div><a id=\"lightbox-577261\" class=\"imgeffect zoom lightbox_\" data-group=\"slider-carousel-292853\" title=\"Enlarge Image\" data-title=\"THERMOCOLD\" data-sub-html=\"#lightbox-577261-description\" data-thumbnail=\"https:\/\/www.albklima.com\/site\/wp-content\/uploads\/2015\/02\/thermocold5-75x50.jpg\" data-thumbTooltip=\"\" data-scaleUp=\"\" data-href=\"\" data-width=\"\" data-height=\"\" data-flashHasPriority=\"\" data-poster=\"\" data-autoplay=\"\" data-audiotitle=\"\" data-html=\"\" href=\"https:\/\/www.albklima.com\/site\/wp-content\/uploads\/2015\/02\/thermocold5.jpg\" ><img decoding=\"async\" src=\"https:\/\/www.albklima.com\/site\/wp-content\/uploads\/2015\/02\/thermocold5.jpg\" alt=\"\" itemprop=\"image\"><\/a>\r\n\t\t\t<div class=\"lighbox-description hidden\" id=\"lightbox-577261-description\">\r\n\t\t\t\t<strong>THERMOCOLD<\/strong><br>\r\n\t\t\t\t\r\n\t\t\t<\/div><\/div><div><a id=\"lightbox-616247\" class=\"imgeffect zoom lightbox_\" data-group=\"slider-carousel-292853\" title=\"Enlarge Image\" data-title=\"THERMOCOLD\" data-sub-html=\"#lightbox-616247-description\" data-thumbnail=\"https:\/\/www.albklima.com\/site\/wp-content\/uploads\/2015\/02\/thermocold6-75x50.jpg\" data-thumbTooltip=\"\" data-scaleUp=\"\" data-href=\"\" data-width=\"\" data-height=\"\" data-flashHasPriority=\"\" data-poster=\"\" data-autoplay=\"\" data-audiotitle=\"\" data-html=\"\" href=\"https:\/\/www.albklima.com\/site\/wp-content\/uploads\/2015\/02\/thermocold6.jpg\" ><img decoding=\"async\" src=\"https:\/\/www.albklima.com\/site\/wp-content\/uploads\/2015\/02\/thermocold6.jpg\" alt=\"\" itemprop=\"image\"><\/a>\r\n\t\t\t<div class=\"lighbox-description hidden\" id=\"lightbox-616247-description\">\r\n\t\t\t\t<strong>THERMOCOLD<\/strong><br>\r\n\t\t\t\t\r\n\t\t\t<\/div><\/div><div><a id=\"lightbox-704379\" class=\"imgeffect zoom lightbox_\" data-group=\"slider-carousel-292853\" title=\"Enlarge Image\" data-title=\"THERMOCOLD\" data-sub-html=\"#lightbox-704379-description\" data-thumbnail=\"https:\/\/www.albklima.com\/site\/wp-content\/uploads\/2015\/02\/thermocold7-75x50.jpg\" data-thumbTooltip=\"\" data-scaleUp=\"\" data-href=\"\" data-width=\"\" data-height=\"\" data-flashHasPriority=\"\" data-poster=\"\" data-autoplay=\"\" data-audiotitle=\"\" data-html=\"\" href=\"https:\/\/www.albklima.com\/site\/wp-content\/uploads\/2015\/02\/thermocold7.jpg\" ><img decoding=\"async\" src=\"https:\/\/www.albklima.com\/site\/wp-content\/uploads\/2015\/02\/thermocold7.jpg\" alt=\"\" itemprop=\"image\"><\/a>\r\n\t\t\t<div class=\"lighbox-description hidden\" id=\"lightbox-704379-description\">\r\n\t\t\t\t<strong>THERMOCOLD<\/strong><br>\r\n\t\t\t\t\r\n\t\t\t<\/div><\/div><div><a id=\"lightbox-775827\" class=\"imgeffect zoom lightbox_\" data-group=\"slider-carousel-292853\" title=\"Enlarge Image\" data-title=\"THERMOCOLD\" data-sub-html=\"#lightbox-775827-description\" data-thumbnail=\"https:\/\/www.albklima.com\/site\/wp-content\/uploads\/2015\/02\/thermocold8-75x50.jpg\" data-thumbTooltip=\"\" data-scaleUp=\"\" data-href=\"\" data-width=\"\" data-height=\"\" data-flashHasPriority=\"\" data-poster=\"\" data-autoplay=\"\" data-audiotitle=\"\" data-html=\"\" href=\"https:\/\/www.albklima.com\/site\/wp-content\/uploads\/2015\/02\/thermocold8.jpg\" ><img decoding=\"async\" src=\"https:\/\/www.albklima.com\/site\/wp-content\/uploads\/2015\/02\/thermocold8.jpg\" alt=\"\" itemprop=\"image\"><\/a>\r\n\t\t\t<div class=\"lighbox-description hidden\" id=\"lightbox-775827-description\">\r\n\t\t\t\t<strong>THERMOCOLD<\/strong><br>\r\n\t\t\t\t\r\n\t\t\t<\/div><\/div><div><a id=\"lightbox-561169\" class=\"imgeffect zoom lightbox_\" data-group=\"slider-carousel-292853\" title=\"Enlarge Image\" data-title=\"THERMOCOLD\" data-sub-html=\"#lightbox-561169-description\" data-thumbnail=\"https:\/\/www.albklima.com\/site\/wp-content\/uploads\/2015\/02\/thermocold9-75x50.jpg\" data-thumbTooltip=\"\" data-scaleUp=\"\" data-href=\"\" data-width=\"\" data-height=\"\" data-flashHasPriority=\"\" data-poster=\"\" data-autoplay=\"\" data-audiotitle=\"\" data-html=\"\" href=\"https:\/\/www.albklima.com\/site\/wp-content\/uploads\/2015\/02\/thermocold9.jpg\" ><img decoding=\"async\" src=\"https:\/\/www.albklima.com\/site\/wp-content\/uploads\/2015\/02\/thermocold9.jpg\" alt=\"\" itemprop=\"image\"><\/a>\r\n\t\t\t<div class=\"lighbox-description hidden\" id=\"lightbox-561169-description\">\r\n\t\t\t\t<strong>THERMOCOLD<\/strong><br>\r\n\t\t\t\t\r\n\t\t\t<\/div><\/div>\r\n\t\t\t\t\t<\/div>\r\n\t\t\t\t\t\r\n\t\t\t\t<div id=\"slider-image-carousel-574401-dots\" class=\"dots-holder\">\r\n\t\t\t\t<\/div>\r\n\t\t\t\r\n\t\t\t\t<\/div>\r\n\t\t\t[vc_single_image image=&#8221;3809&#8243; img_size=&#8221;full&#8221;][\/vc_column][vc_column width=&#8221;1\/2&#8243; rt_bg_image_repeat=&#8221;repeat&#8221; rt_bg_size=&#8221;auto auto&#8221; rt_bg_attachment=&#8221;scroll&#8221;]<div class=\"rt_heading_wrapper style-6\">\n\t\t\t\t\t\t<h6 class=\"rt_heading  style-6\" >SISTEME TE FTOHJES ME UJE (WATER CHILLER)<\/h6>\n\t\t\t\t\t<\/div>[vc_column_text]<\/p>\n<div id=\"div1\" class=\"text\">Ftohesit Industriale me uje (<em><strong>water chiller<\/strong><\/em>) jane te domosdoshem per nje proces eficent ftohje. Chillerat HVAC jane pjese ky\u00e7e e sistemeve te ftohjes me uje te kondicionimit te ajrit, qe nga ata te perdorur per ftohjen e sallave te kompjuterave, te dhomave te serverave dhe deri tek kondicionimi i ajrit per komfort ambjental.<\/div>\n<div class=\"text\"><\/div>\n<div class=\"text\"><strong>AlbKlima<\/strong> i ka te gjitha kapacitetet, pajisjet e nevojeshme dhe specialistet per te bere servisin, riparimin dhe mirembajtjen e chillerave me uje dhe glycol, per te gjitha modelet qe gjenden te instaluara ne Shqiperi, markat dhe kapacitetet e ftohesave te ajrit, te ftohesave me uje me kompresore skroll, me helike dhe atyre alternative<\/div>\n<p>[\/vc_column_text]<div class=\"rt_heading_wrapper style-6\">\n\t\t\t\t\t\t<h6 class=\"rt_heading  style-6\" >Teknologjia<\/h6>\n\t\t\t\t\t<\/div>[vc_column_text]<span id=\"result_box\" class=\"\" lang=\"sq\"><span class=\"\">Nj\u00eb<\/span> ftohes me uj\u00eb \u00ebsht\u00eb nj\u00eb pajisje mekanike qe p\u00ebrdoret p\u00ebr t\u00eb leht\u00ebsuar shk\u00ebmbimin <span class=\"\">e nxeht\u00ebsis\u00eb<\/span> nga uji n\u00eb nj\u00eb ftohje n\u00eb nj\u00eb sistem t\u00eb mbyllur loop. Ftoh\u00ebsi pompohet m\u00eb pas <span class=\"\">n\u00eb nj\u00eb vend<\/span> nga i cili nxehtesia e mbeldhur transferohet n\u00eb atmosfer\u00eb.<\/span><\/p>\n<p><span id=\"result_box\" class=\"\" lang=\"sq\">N\u00eb kondicionimin e ajrit, <span class=\"\">uji i ftoht\u00eb<\/span> p\u00ebrdoret shpesh p\u00ebr t\u00eb ftohur ajrin e nj\u00eb nd\u00ebrtese dhe t\u00eb pajisjeve q\u00eb krijojn\u00eb nxeht\u00ebsi gjat\u00eb punimit t\u00eb tyre, <span class=\"\">ve\u00e7an\u00ebrisht<\/span> n\u00eb rastet ku ka shum\u00eb dhoma t\u00eb ve\u00e7anta q\u00eb duhet t\u00eb kontrollohen <span class=\"\">ve\u00e7 e ve\u00e7<\/span>, si psh ato t\u00eb nj\u00eb hoteli. Nj\u00eb water chiller e ul temperatur\u00ebn e ujit n\u00eb gjer n\u00eb 7 \u00b0 dhe 7.5 \u00b0 <span class=\"\">para se ai t<\/span>\u00eb derdhet n\u00eb vendin e caktuar p\u00ebr t&#8217;u ftohur.<\/span>[\/vc_column_text][\/vc_column][\/vc_row][vc_row rt_row_background_width=&#8221;default&#8221; rt_row_style=&#8221;default-style&#8221; rt_row_borders=&#8221;top,bottom&#8221; rt_row_paddings=&#8221;true&#8221; rt_bg_effect=&#8221;classic&#8221; rt_bg_image_repeat=&#8221;no-repeat&#8221; rt_bg_size=&#8221;cover&#8221; rt_bg_position=&#8221;right top&#8221; rt_bg_attachment=&#8221;fixed&#8221; rt_bg_video_format=&#8221;self-hosted&#8221; rt_padding_top=&#8221;60&#8243; rt_padding_bottom=&#8221;60&#8243;][vc_column rt_bg_image_repeat=&#8221;repeat&#8221; rt_bg_size=&#8221;auto auto&#8221; rt_bg_attachment=&#8221;scroll&#8221;]<div class=\"rt_heading_wrapper style-4\">\n\t\t\t\t\t\t<h4 class=\"rt_heading  style-4\" >Thermocold &#8211; sinonim i integritetit dhe kujdesit p\u00ebr produktet<\/h4>\n\t\t\t\t\t<\/div>\t \n\t\t<section  class=\"timeline  \">\n\t\t\t \n\t\t<div  >\n\t\t\t \n\t\t<span class=\"event-date\">\n\t\t\t<span class=\"day\">30<\/span>\n\t\t\t<span class=\"month\">March, <\/span>\n\t\t\t<span class=\"year\">2016<\/span>\n\t\t<\/span>\n\t<div class=\"event-details\"><h4 class=\"event-title\">Thermocold @MCE 2016th \u2013 An undisputed success<\/h4><p>The high turnout of visitors and the common interest in innovation and new technology themes allowed to record a very positive feedback in Thermocold stand, result of the great work done by a close-knit staff and led by a common passion for progress and innovation.<\/p>\n<\/div>\n\t\t<\/div>\n\t\t \n\t\t<div  >\n\t\t\t \n\t\t<span class=\"event-date\">\n\t\t\t<span class=\"day\">15th to 18th<\/span>\n\t\t\t<span class=\"month\">March <\/span>\n\t\t\t<span class=\"year\">2016<\/span>\n\t\t<\/span>\n\t<div class=\"event-details\"><h4 class=\"event-title\">MCE 2016 HALL 24 - STAND U29 V22<\/h4><p>Thermocold participation to one of the most important exposition dedicated to the Global Comfort Technology: the 40th edition of the &#8220;MCE&#8221; or &#8220;<strong>Mostra Convegno Expocomfort 2016<\/strong>&#8220;, which will take place <strong>in Milan from 15th to 18th March 2016<\/strong>.<\/p>\n<\/div>\n\t\t<\/div>\n\t\t \n\t\t<div  >\n\t\t\t \n\t\t<span class=\"event-date\">\n\t\t\t<span class=\"day\">10th to 14th<\/span>\n\t\t\t<span class=\"month\">March,<\/span>\n\t\t\t<span class=\"year\"> 2015<\/span>\n\t\t<\/span>\n\t<div class=\"event-details\"><h4 class=\"event-title\">ISK Frankfurt 2015<\/h4><p>Thermocold in collaboration with German distributor <strong>COOL ITALIA<\/strong> will participate at ISH 2015 &#8211; the International Exhibition dedicated to the energy efficiency, heat pumps and refrigeration, which will be held in Frankfurt am Main from <strong>march 10th to 14th 2015<\/strong>.<\/p>\n<\/div>\n\t\t<\/div>\n\t\t \n\t\t<div  >\n\t\t\t \n\t\t<span class=\"event-date\">\n\t\t\t<span class=\"day\">31<\/span>\n\t\t\t<span class=\"month\">Jan <\/span>\n\t\t\t<span class=\"year\">2016<\/span>\n\t\t<\/span>\n\t<div class=\"event-details\"><h4 class=\"event-title\">The New Mont Blanc cable way<\/h4><p>An artwork of world-class engineering, the new complex ropeway Pontal d&#8217;Entreves, Mont Frey and \u00a0Helbronner, with its new stations for the visitors, are seeing the light on the highest and famous mountain \u00a0of \u00a0Europe.<\/p>\n<\/div>\n\t\t<\/div>\n\t\t \n\t\t<div  >\n\t\t\t \n\t\t<span class=\"event-date\">\n\t\t\t<span class=\"day\">19, <\/span>\n\t\t\t<span class=\"month\">Feb ,<\/span>\n\t\t\t<span class=\"year\">2015<\/span>\n\t\t<\/span>\n\t<div class=\"event-details\"><h4 class=\"event-title\">Thermocold EUROVENT certified<\/h4><p>Thermocold is pleased to announce that air to water and water to water chillers and heat pumps are officially <strong>EUROVENT certified<\/strong>, undisputed synonymous of integrity and accuracy of products performance ratings.<\/p>\n<\/div>\n\t\t<\/div>\n\t\n\t\t<\/section>\n\t[\/vc_column][\/vc_row]<\/p>\n<\/div>","protected":false},"excerpt":{"rendered":"<p>[vc_row rt_row_background_width=&#8221;fullwidth&#8221; rt_row_content_width=&#8221;default&#8221; rt_row_style=&#8221;light-style&#8221; rt_row_borders=&#8221;&#8221; rt_row_paddings=&#8221;true&#8221; rt_bg_image=&#8221;3797&#8243; rt_bg_effect=&#8221;classic&#8221; rt_bg_image_repeat=&#8221;repeat&#8221; rt_bg_size=&#8221;cover&#8221; rt_bg_position=&#8221;right top&#8221; rt_bg_attachment=&#8221;scroll&#8221; rt_bg_video_format=&#8221;self-hosted&#8221; rt_padding_top=&#8221;95&#8243; rt_padding_bottom=&#8221;75&#8243; rt_padding_left=&#8221;120&#8243;][vc_column rt_bg_image_repeat=&#8221;repeat&#8221; rt_bg_size=&#8221;auto auto&#8221; rt_bg_attachment=&#8221;scroll&#8221;][\/vc_column][\/vc_row][vc_row rt_row_background_width=&#8221;default&#8221; rt_row_style=&#8221;default-style&#8221; rt_row_borders=&#8221;&#8221; rt_overlap=&#8221;true&#8221; rt_row_paddings=&#8221;true&#8221; rt_bg_effect=&#8221;classic&#8221; rt_bg_image_repeat=&#8221;repeat&#8221; rt_bg_size=&#8221;cover&#8221; rt_bg_position=&#8221;right top&#8221; rt_bg_attachment=&#8221;scroll&#8221; rt_bg_video_format=&#8221;self-hosted&#8221;][vc_column width=&#8221;1\/2&#8243; rt_bg_image_repeat=&#8221;repeat&#8221; rt_bg_size=&#8221;auto auto&#8221; rt_bg_attachment=&#8221;scroll&#8221;][vc_single_image image=&#8221;3809&#8243; img_size=&#8221;full&#8221;][\/vc_column][vc_column width=&#8221;1\/2&#8243; rt_bg_image_repeat=&#8221;repeat&#8221; rt_bg_size=&#8221;auto auto&#8221; rt_bg_attachment=&#8221;scroll&#8221;][vc_column_text] Ftohesit Industriale me uje (water chiller) jane te domosdoshem per [&hellip;]<\/p>\n","protected":false},"author":1,"featured_media":0,"parent":0,"menu_order":0,"comment_status":"closed","ping_status":"closed","template":"","meta":{"footnotes":""},"class_list":["post-2419","page","type-page","status-publish","hentry"],"_links":{"self":[{"href":"https:\/\/www.albklima.com\/site\/wp-json\/wp\/v2\/pages\/2419","targetHints":{"allow":["GET"]}}],"collection":[{"href":"https:\/\/www.albklima.com\/site\/wp-json\/wp\/v2\/pages"}],"about":[{"href":"https:\/\/www.albklima.com\/site\/wp-json\/wp\/v2\/types\/page"}],"author":[{"embeddable":true,"href":"https:\/\/www.albklima.com\/site\/wp-json\/wp\/v2\/users\/1"}],"replies":[{"embeddable":true,"href":"https:\/\/www.albklima.com\/site\/wp-json\/wp\/v2\/comments?post=2419"}],"version-history":[{"count":0,"href":"https:\/\/www.albklima.com\/site\/wp-json\/wp\/v2\/pages\/2419\/revisions"}],"wp:attachment":[{"href":"https:\/\/www.albklima.com\/site\/wp-json\/wp\/v2\/media?parent=2419"}],"curies":[{"name":"wp","href":"https:\/\/api.w.org\/{rel}","templated":true}]}}