{"id":2571,"date":"2015-02-22T01:02:33","date_gmt":"2015-02-22T01:02:33","guid":{"rendered":"http:\/\/rttheme19.rtthemes.com\/?page_id=2571"},"modified":"2018-01-11T18:04:35","modified_gmt":"2018-01-11T17:04:35","slug":"tabla-e-sherbimeve","status":"publish","type":"page","link":"https:\/\/www.albklima.com\/site\/tabla-e-sherbimeve\/","title":{"rendered":"TABLA E SH\u00cbRBIMEVE T\u00cb MIR\u00cbMBAJTJES"},"content":{"rendered":"<div class=\"wpb-content-wrapper\"><p>[vc_row rt_row_background_width=&#8221;fullwidth&#8221; rt_row_content_width=&#8221;default&#8221; rt_row_style=&#8221;light-style&#8221; rt_row_borders=&#8221;&#8221; rt_row_paddings=&#8221;true&#8221; rt_bg_image=&#8221;3217&#8243; rt_bg_effect=&#8221;classic&#8221; rt_bg_image_repeat=&#8221;repeat&#8221; rt_bg_size=&#8221;cover&#8221; rt_bg_position=&#8221;right top&#8221; rt_bg_attachment=&#8221;scroll&#8221; rt_bg_video_format=&#8221;self-hosted&#8221; rt_padding_top=&#8221;90&#8243; rt_padding_bottom=&#8221;76&#8243;][vc_column rt_bg_image_repeat=&#8221;repeat&#8221; rt_bg_size=&#8221;auto auto&#8221; rt_bg_attachment=&#8221;scroll&#8221;]<div class=\"rt_heading_wrapper style-1\">\n\t\t\t\t\t\t<h1 class=\"rt_heading  style-1\" >SH\u00cbRBIME T\u00cb MIR\u00cbMBAJTJES<\/h1>\n\t\t\t\t\t<\/div>[\/vc_column][\/vc_row][vc_row rt_row_background_width=&#8221;default&#8221; rt_row_style=&#8221;default-style&#8221; rt_row_borders=&#8221;&#8221; rt_overlap=&#8221;true&#8221; rt_row_paddings=&#8221;true&#8221; rt_bg_effect=&#8221;classic&#8221; rt_bg_image_repeat=&#8221;repeat&#8221; rt_bg_size=&#8221;cover&#8221; rt_bg_position=&#8221;right top&#8221; rt_bg_attachment=&#8221;scroll&#8221; rt_bg_video_format=&#8221;self-hosted&#8221;][vc_column rt_bg_image_repeat=&#8221;repeat&#8221; rt_bg_size=&#8221;auto auto&#8221; rt_bg_attachment=&#8221;scroll&#8221;]<div class=\"rt_heading_wrapper style-4\">\n\t\t\t\t\t\t<h3 class=\"rt_heading  style-4\" ><span class=\"icon-magic heading_icon\"><\/span>TABLA E SH\u00cbRBIMEVE T\u00cb MIR\u00cbMBAJTJES<\/h3>\n\t\t\t\t\t<\/div><div id=\"\" class=\"pricing_table service \" data-rt-animation-group=\"group\"><div id=\"\" class=\"table_wrap  \" data-rt-animate=\"animate\" data-rt-animation-type=\"fadeInDown\"><ul>\n\t\t<li class=\"caption\">\n\t\t\t<div class=\"title\">PAKETA BAZ\u00cb\n\t<small>\n\t\tPLAN MUJOR \n\t<\/small>\n\t<\/div>\n\t\t<\/li>\n\t\t\n\t\t<li class=\"price\">\n\t\t\t<div>\n\t\t\t\t<span>\u20ac<\/span>\n\t\t\t<\/div>\n\t\t<\/li>\n\t\t<li class=\"start_position\"><span title=\"Tooltip Text\" data-toggle=\"tooltip\" data-placement=\"left\">Description<\/span><\/li>\n<li>Description<\/li>\n<li>Description<\/li>\n<li>Description<\/li>\n<li><div class=\"button_wrapper \"><a  href=\"#\" target=\"_self\" title=\"POROSIT TANI\" class=\"button_  default medium\"><span class=\"icon-basket\"><\/span>POROSIT TANI<\/a><\/div><\/li>\n<\/ul>\n<\/div><div id=\"\" class=\"table_wrap highlight \" data-rt-animate=\"animate\" data-rt-animation-type=\"fadeInDown\"><ul>\n\t\t<li class=\"caption\">\n\t\t\t<div class=\"title\">PAKETA PRO\n\t<small>\n\t\tPLAN VJETOR \n\t<\/small>\n\t<\/div>\n\t\t<\/li>\n\t\t\n\t\t<li class=\"price\">\n\t\t\t<div>\n\t\t\t\t<span>\u20ac<\/span>\n\t\t\t<\/div>\n\t\t<\/li>\n\t\t<li class=\"start_position\"><span title=\"Tooltip Text\" data-toggle=\"tooltip\" data-placement=\"left\">Description<\/span><\/li>\n<li>Description<\/li>\n<li>Description<\/li>\n<li>Description<\/li>\n<li><div class=\"button_wrapper \"><a  href=\"#\" target=\"_self\" title=\"POROSIT TANI\" class=\"button_  default medium\"><span class=\"icon-basket\"><\/span>POROSIT TANI<\/a><\/div><\/li>\n<\/ul>\n<\/div><div id=\"\" class=\"table_wrap  \" data-rt-animate=\"animate\" data-rt-animation-type=\"fadeInDown\"><ul>\n\t\t<li class=\"caption\">\n\t\t\t<div class=\"title\">PAKETA E AVANCUAR\n\t<small>\n\t\tPLAN VJETOR \n\t<\/small>\n\t<\/div>\n\t\t<\/li>\n\t\t\n\t\t<li class=\"price\">\n\t\t\t<div>\n\t\t\t\t<span>\u20ac<\/span>\n\t\t\t<\/div>\n\t\t<\/li>\n\t\t<li class=\"start_position\"><span title=\"Tooltip Text\" data-toggle=\"tooltip\" data-placement=\"left\">Description<\/span><\/li>\n<li>Description<\/li>\n<li>Description<\/li>\n<li>Description<\/li>\n<li><div class=\"button_wrapper \"><a  href=\"#\" target=\"_self\" title=\"POROSIT TANI\" class=\"button_  default medium\"><span class=\"icon-basket\"><\/span>POROSIT TANI<\/a><\/div><\/li>\n<\/ul>\n<\/div><\/div>[\/vc_column][\/vc_row][vc_row rt_row_background_width=&#8221;default&#8221; rt_row_style=&#8221;default-style&#8221; rt_row_borders=&#8221;&#8221; rt_row_paddings=&#8221;true&#8221; rt_bg_effect=&#8221;classic&#8221; rt_bg_image_repeat=&#8221;repeat&#8221; rt_bg_size=&#8221;cover&#8221; rt_bg_position=&#8221;right top&#8221; rt_bg_attachment=&#8221;scroll&#8221; rt_bg_video_format=&#8221;self-hosted&#8221;][vc_column width=&#8221;3\/4&#8243; rt_bg_image_repeat=&#8221;repeat&#8221; rt_bg_size=&#8221;auto auto&#8221; rt_bg_attachment=&#8221;scroll&#8221;][vc_column_text]Mir\u00ebmbajtja e rregullt e \u00e7do sistemi aj\u00ebr t\u00eb kondicionuar, ose &#8220;Heat Pump&#8221; \u00ebsht\u00eb thelb\u00ebsore dhe mungesa e mir\u00ebmbajtjes \u00ebsht\u00eb p\u00ebrgjegj\u00ebse n\u00eb shumic\u00ebn e rasteve p\u00ebr riparime t\u00eb m\u00ebdha dhe t\u00eb shtrenjta t\u00eb \u00e7do sistemi, ose t\u00eb nevoj\u00ebs p\u00ebr t\u00eb ndryshuar sistemin t\u00ebr\u00ebsisht.<\/p>\n<p>Nj\u00eb sistem i mir\u00ebmbajtur nduhet t\u00eb zgjas\u00eb p\u00ebr 10 vjet ose m\u00eb shum\u00eb, ndMir\u00ebmbajtja e ndrsa kur nj\u00eb sistem nuk mirMir\u00ebmbajtja e nmbahet si\u00e7 duhet mund t\u00eb mos funksionojn\u00eb m\u00eb gjat\u00eb se p\u00ebrtej nj\u00eb afati prej 4 vjet\u00ebsh.<\/p>\n<p>Ne u japim klient\u00ebve tan\u00eb informacion q\u00eb ata kan\u00eb nevoj\u00eb p\u00ebr ta mbajtur sistemin e tyre t\u00eb kondicionimit me q\u00ebllim q\u00eb ata vet\u00eb t\u00eb kujdesen p\u00ebr jet\u00ebgjat\u00ebsin\u00eb e sistemit t\u00eb tyre. Mir\u00ebmbajtja e rregullt p\u00ebrfshin heqjen dhe pastrimin e filtrave t\u00eb nj\u00ebsive t\u00eb brendshme. Gjithashtu \u00ebsht\u00eb e r\u00ebnd\u00ebsishme q\u00eb t\u00eb kontrollohet tubi i kullimit nga jasht\u00eb p\u00ebr t&#8217;u siguruar se nuk \u00ebsht\u00eb i bllokuar. S\u00eb fundi testimi i temperatur\u00ebs p\u00ebr t&#8217;u siguruar q\u00eb po fryn aj\u00ebr i nxeht\u00eb kur e kemi n\u00eb funksionin ngrohje dhe jo i ftoht\u00eb dhe anasjelltas.<\/p>\n<p>Sapo sistemi fillon t\u00eb tregoj\u00eb simptoma t\u00eb tilla si temperatur\u00eb e ul\u00ebt kur duhet t\u00eb fryj\u00eb aj\u00ebr t\u00eb nxeht\u00eb apo i nxheht\u00eb kur \u00ebsht\u00eb duke punuar p\u00ebr freskim t\u00eb ambjenteve, ne rekomandojm\u00eb t\u00eb na kontaktoni, q\u00eb t\u00eb mund t\u00eb sistemojm\u00eb dhe rregullojm\u00eb sistemin n\u00eb koh\u00eb n\u00eb funksionin e duhur. Sigurisht q\u00eb nuk presim q\u00eb klient\u00ebt tan\u00eb t\u00eb k\u00ebrkojn\u00eb servis t\u00eb thjesht\u00eb p\u00ebr \u00e7do gj\u00eb. Megjithat\u00eb, pasi jan\u00eb t\u00eb nevojshme p\u00ebr efikasitet optimal t\u00eb sistemit, klient\u00ebt mund t\u00eb na kontaktojn\u00eb p\u00ebr t\u00eb pastruar filtrat dhe p\u00ebr tu siguruar q\u00eb \u00e7do gj\u00eb \u00ebsht\u00eb si\u00e7 pritet. S\u00eb fundi, n\u00ebse ndonj\u00eb \u00ebsht\u00eb b\u00ebr\u00eb gabim gjat\u00eb montimit nga teknik\u00ebt ose gjat\u00eb pun\u00ebs nga vet\u00eb klienti, ne do ta riparojm\u00eb menj\u00ebher\u00eb.[\/vc_column_text][\/vc_column][vc_column width=&#8221;1\/4&#8243; rt_bg_image_repeat=&#8221;repeat&#8221; rt_bg_size=&#8221;auto auto&#8221; rt_bg_attachment=&#8221;scroll&#8221;][vc_column_text]<strong>Mir\u00ebmbajtja dhe servisi parandalues me kontrat\u00eb garanton:<\/strong><\/p>\n<ul>\n<li>Mbajtjen n\u00eb kushte performance optimale t\u00eb pajisjes<\/li>\n<li>P\u00ebrmir\u00ebsim i jetgjat\u00ebsis\u00eb s\u00eb pritshme t\u00eb pajisjes<\/li>\n<li>Mbajtje e kostos s\u00eb pun\u00ebs s\u00eb pajisjes n\u00eb nivele minimale<\/li>\n<li>Mbajtje dhe reduktim n\u00eb minimum i pagesave t\u00eb riparimit<\/li>\n<li>Pamje vizuale te pajisjes te pastra dhe me zhurma te ulta<\/li>\n<\/ul>\n<p>[\/vc_column_text][\/vc_column][\/vc_row]<\/p>\n<\/div>","protected":false},"excerpt":{"rendered":"<p>[vc_row rt_row_background_width=&#8221;fullwidth&#8221; rt_row_content_width=&#8221;default&#8221; rt_row_style=&#8221;light-style&#8221; rt_row_borders=&#8221;&#8221; rt_row_paddings=&#8221;true&#8221; rt_bg_image=&#8221;3217&#8243; rt_bg_effect=&#8221;classic&#8221; rt_bg_image_repeat=&#8221;repeat&#8221; rt_bg_size=&#8221;cover&#8221; rt_bg_position=&#8221;right top&#8221; rt_bg_attachment=&#8221;scroll&#8221; rt_bg_video_format=&#8221;self-hosted&#8221; rt_padding_top=&#8221;90&#8243; rt_padding_bottom=&#8221;76&#8243;][vc_column rt_bg_image_repeat=&#8221;repeat&#8221; rt_bg_size=&#8221;auto auto&#8221; rt_bg_attachment=&#8221;scroll&#8221;][\/vc_column][\/vc_row][vc_row rt_row_background_width=&#8221;default&#8221; rt_row_style=&#8221;default-style&#8221; rt_row_borders=&#8221;&#8221; rt_overlap=&#8221;true&#8221; rt_row_paddings=&#8221;true&#8221; rt_bg_effect=&#8221;classic&#8221; rt_bg_image_repeat=&#8221;repeat&#8221; rt_bg_size=&#8221;cover&#8221; rt_bg_position=&#8221;right top&#8221; rt_bg_attachment=&#8221;scroll&#8221; rt_bg_video_format=&#8221;self-hosted&#8221;][vc_column rt_bg_image_repeat=&#8221;repeat&#8221; rt_bg_size=&#8221;auto auto&#8221; rt_bg_attachment=&#8221;scroll&#8221;][\/vc_column][\/vc_row][vc_row rt_row_background_width=&#8221;default&#8221; rt_row_style=&#8221;default-style&#8221; rt_row_borders=&#8221;&#8221; rt_row_paddings=&#8221;true&#8221; rt_bg_effect=&#8221;classic&#8221; rt_bg_image_repeat=&#8221;repeat&#8221; rt_bg_size=&#8221;cover&#8221; rt_bg_position=&#8221;right top&#8221; rt_bg_attachment=&#8221;scroll&#8221; rt_bg_video_format=&#8221;self-hosted&#8221;][vc_column width=&#8221;3\/4&#8243; rt_bg_image_repeat=&#8221;repeat&#8221; rt_bg_size=&#8221;auto auto&#8221; rt_bg_attachment=&#8221;scroll&#8221;][vc_column_text]Mir\u00ebmbajtja e rregullt e [&hellip;]<\/p>\n","protected":false},"author":1,"featured_media":0,"parent":0,"menu_order":0,"comment_status":"closed","ping_status":"closed","template":"","meta":{"footnotes":""},"class_list":["post-2571","page","type-page","status-publish","hentry"],"_links":{"self":[{"href":"https:\/\/www.albklima.com\/site\/wp-json\/wp\/v2\/pages\/2571","targetHints":{"allow":["GET"]}}],"collection":[{"href":"https:\/\/www.albklima.com\/site\/wp-json\/wp\/v2\/pages"}],"about":[{"href":"https:\/\/www.albklima.com\/site\/wp-json\/wp\/v2\/types\/page"}],"author":[{"embeddable":true,"href":"https:\/\/www.albklima.com\/site\/wp-json\/wp\/v2\/users\/1"}],"replies":[{"embeddable":true,"href":"https:\/\/www.albklima.com\/site\/wp-json\/wp\/v2\/comments?post=2571"}],"version-history":[{"count":0,"href":"https:\/\/www.albklima.com\/site\/wp-json\/wp\/v2\/pages\/2571\/revisions"}],"wp:attachment":[{"href":"https:\/\/www.albklima.com\/site\/wp-json\/wp\/v2\/media?parent=2571"}],"curies":[{"name":"wp","href":"https:\/\/api.w.org\/{rel}","templated":true}]}}