{"id":2576,"date":"2015-02-22T01:24:55","date_gmt":"2015-02-22T01:24:55","guid":{"rendered":"http:\/\/rttheme19.rtthemes.com\/?page_id=2576"},"modified":"2024-04-24T16:44:49","modified_gmt":"2024-04-24T15:44:49","slug":"ekipi-yne","status":"publish","type":"page","link":"https:\/\/www.albklima.com\/site\/ekipi-yne\/","title":{"rendered":"EKIPI YN\u00cb"},"content":{"rendered":"<div class=\"wpb-content-wrapper\"><p>[vc_row rt_row_background_width=&#8221;default&#8221; rt_row_style=&#8221;default-style&#8221; rt_row_borders=&#8221;&#8221; rt_row_paddings=&#8221;true&#8221; rt_bg_image=&#8221;3785&#8243; rt_bg_effect=&#8221;classic&#8221; rt_bg_image_repeat=&#8221;repeat&#8221; rt_bg_size=&#8221;cover&#8221; rt_bg_position=&#8221;left top&#8221; rt_bg_attachment=&#8221;scroll&#8221; rt_bg_video_format=&#8221;self-hosted&#8221; rt_padding_top=&#8221;65&#8243; rt_padding_bottom=&#8221;70&#8243;][vc_column rt_wrp_col_paddings=&#8221;false&#8221; rt_border_top=&#8221;&#8221; rt_border_bottom=&#8221;&#8221; rt_border_left=&#8221;&#8221; rt_border_right=&#8221;&#8221; rt_border_top_mobile=&#8221;&#8221; rt_border_bottom_mobile=&#8221;&#8221; rt_border_left_mobile=&#8221;&#8221; rt_border_right_mobile=&#8221;&#8221; rt_bg_image_repeat=&#8221;repeat&#8221; rt_bg_size=&#8221;auto auto&#8221; rt_bg_position=&#8221;right top&#8221; rt_bg_attachment=&#8221;scroll&#8221;]<div class=\"rt_heading_wrapper style-4\">\n\t\t\t\t\t\t<h1 class=\"rt_heading  style-4\" ><span class=\"icon-sitemap heading_icon\"><\/span>EKIPI YN\u00cb<\/h1>\n\t\t\t\t\t<\/div>[vc_text_separator title=&#8221;Personeli yn\u00eb inxhinier-teknik \u00ebsht\u00eb i kualifikuar, i certifikuar dhe kompetent p\u00ebr tipat e pajisjeve q\u00eb disponojm\u00eb, p\u00ebr t&#8217;i instaluar dhe mir\u00ebmbajtur, sipas t\u00eb gjitha k\u00ebrkesave teknike, mjedisore e ligjore.&#8221; color=&#8221;white&#8221;][\/vc_column][\/vc_row][vc_row rt_row_background_width=&#8221;default&#8221; rt_row_style=&#8221;alt-style-2&#8243; rt_row_borders=&#8221;bottom&#8221; rt_row_paddings=&#8221;true&#8221; rt_bg_effect=&#8221;classic&#8221; rt_bg_image_repeat=&#8221;repeat&#8221; rt_bg_size=&#8221;cover&#8221; rt_bg_position=&#8221;right top&#8221; rt_bg_attachment=&#8221;scroll&#8221; rt_bg_video_format=&#8221;self-hosted&#8221; rt_padding_left=&#8221;100&#8243; rt_padding_right=&#8221;100&#8243;][vc_column width=&#8221;1\/2&#8243; rt_wrp_col_paddings=&#8221;false&#8221; rt_border_top=&#8221;&#8221; rt_border_bottom=&#8221;&#8221; rt_border_left=&#8221;&#8221; rt_border_right=&#8221;&#8221; rt_border_top_mobile=&#8221;&#8221; rt_border_bottom_mobile=&#8221;&#8221; rt_border_left_mobile=&#8221;&#8221; rt_border_right_mobile=&#8221;&#8221; rt_bg_image_repeat=&#8221;repeat&#8221; rt_bg_size=&#8221;auto auto&#8221; rt_bg_position=&#8221;right top&#8221; rt_bg_attachment=&#8221;scroll&#8221;]<article   class=\"image-content-box content-box box-style-1 center\"><div class=\"featured_image_holder\"><img decoding=\"async\" class=\"img-responsive\" src=\"https:\/\/www.albklima.com\/site\/wp-content\/uploads\/2014\/02\/face-2-1.jpg\" alt=\"\" \/><\/div><div class=\"text-holder\"> <p><strong>K. Morina<\/strong><br \/>\n[ Administrator ]<\/p>\n<\/div><\/article>[\/vc_column][vc_column width=&#8221;1\/2&#8243; rt_wrp_col_paddings=&#8221;false&#8221; rt_border_top=&#8221;&#8221; rt_border_bottom=&#8221;&#8221; rt_border_left=&#8221;&#8221; rt_border_right=&#8221;&#8221; rt_border_top_mobile=&#8221;&#8221; rt_border_bottom_mobile=&#8221;&#8221; rt_border_left_mobile=&#8221;&#8221; rt_border_right_mobile=&#8221;&#8221; rt_bg_image_repeat=&#8221;repeat&#8221; rt_bg_size=&#8221;auto auto&#8221; rt_bg_position=&#8221;right top&#8221; rt_bg_attachment=&#8221;scroll&#8221;]<article   class=\"image-content-box content-box box-style-1 center\"><div class=\"featured_image_holder\"><img decoding=\"async\" class=\"img-responsive\" src=\"https:\/\/www.albklima.com\/site\/wp-content\/uploads\/2014\/02\/face-2-1.jpg\" alt=\"\" \/><\/div><div class=\"text-holder\"> <p><strong>Xh.Alushani<\/strong><br \/>\n[ Ing. projektues ]<\/p>\n<\/div><\/article>[\/vc_column][\/vc_row][vc_row rt_row_background_width=&#8221;default&#8221; rt_row_style=&#8221;alt-style-1&#8243; rt_row_borders=&#8221;top&#8221; rt_row_paddings=&#8221;true&#8221; rt_bg_effect=&#8221;classic&#8221; rt_bg_image_repeat=&#8221;repeat&#8221; rt_bg_size=&#8221;cover&#8221; rt_bg_position=&#8221;right top&#8221; rt_bg_attachment=&#8221;scroll&#8221; rt_bg_video_format=&#8221;self-hosted&#8221;][vc_column width=&#8221;1\/4&#8243; rt_wrp_col_paddings=&#8221;false&#8221; rt_border_top=&#8221;&#8221; rt_border_bottom=&#8221;&#8221; rt_border_left=&#8221;&#8221; rt_border_right=&#8221;&#8221; rt_border_top_mobile=&#8221;&#8221; rt_border_bottom_mobile=&#8221;&#8221; rt_border_left_mobile=&#8221;&#8221; rt_border_right_mobile=&#8221;&#8221; rt_bg_image_repeat=&#8221;repeat&#8221; rt_bg_size=&#8221;auto auto&#8221; rt_bg_position=&#8221;right top&#8221; rt_bg_attachment=&#8221;scroll&#8221;]<article   class=\"image-content-box content-box box-style-1 center\"><div class=\"featured_image_holder\"><img decoding=\"async\" class=\"img-responsive\" src=\"https:\/\/www.albklima.com\/site\/wp-content\/uploads\/2014\/02\/face-1.jpg\" alt=\"\" \/><\/div><div class=\"text-holder\"> <h5 class=\"person_name\">Dona<\/h5>\n<p>[ Financier ]<\/p>\n<\/div><\/article>[\/vc_column][vc_column width=&#8221;1\/4&#8243; rt_wrp_col_paddings=&#8221;false&#8221; rt_border_top=&#8221;&#8221; rt_border_bottom=&#8221;&#8221; rt_border_left=&#8221;&#8221; rt_border_right=&#8221;&#8221; rt_border_top_mobile=&#8221;&#8221; rt_border_bottom_mobile=&#8221;&#8221; rt_border_left_mobile=&#8221;&#8221; rt_border_right_mobile=&#8221;&#8221; rt_bg_image_repeat=&#8221;repeat&#8221; rt_bg_size=&#8221;auto auto&#8221; rt_bg_position=&#8221;right top&#8221; rt_bg_attachment=&#8221;scroll&#8221;]<article   class=\"image-content-box content-box box-style-1 center\"><div class=\"featured_image_holder\"><img decoding=\"async\" class=\"img-responsive\" src=\"https:\/\/www.albklima.com\/site\/wp-content\/uploads\/2014\/02\/face-2-1.jpg\" alt=\"\" \/><\/div><div class=\"text-holder\"> <h5 class=\"person_name\">Tekniku 1<\/h5>\n<p>[ instalim dhe mir\u00ebmbajtje ]<\/p>\n<\/div><\/article>[\/vc_column][vc_column width=&#8221;1\/4&#8243; rt_wrp_col_paddings=&#8221;false&#8221; rt_border_top=&#8221;&#8221; rt_border_bottom=&#8221;&#8221; rt_border_left=&#8221;&#8221; rt_border_right=&#8221;&#8221; rt_border_top_mobile=&#8221;&#8221; rt_border_bottom_mobile=&#8221;&#8221; rt_border_left_mobile=&#8221;&#8221; rt_border_right_mobile=&#8221;&#8221; rt_bg_image_repeat=&#8221;repeat&#8221; rt_bg_size=&#8221;auto auto&#8221; rt_bg_position=&#8221;right top&#8221; rt_bg_attachment=&#8221;scroll&#8221;]<article   class=\"image-content-box content-box box-style-1 center\"><div class=\"featured_image_holder\"><img decoding=\"async\" class=\"img-responsive\" src=\"https:\/\/www.albklima.com\/site\/wp-content\/uploads\/2014\/02\/face-2-1.jpg\" alt=\"\" \/><\/div><div class=\"text-holder\"> <h5 class=\"person_name\">Tekniku 2<\/h5>\n<p>[ instalim dhe mir\u00ebmbajtje ]<\/p>\n<\/div><\/article>[\/vc_column][vc_column width=&#8221;1\/4&#8243; rt_wrp_col_paddings=&#8221;false&#8221; rt_border_top=&#8221;&#8221; rt_border_bottom=&#8221;&#8221; rt_border_left=&#8221;&#8221; rt_border_right=&#8221;&#8221; rt_border_top_mobile=&#8221;&#8221; rt_border_bottom_mobile=&#8221;&#8221; rt_border_left_mobile=&#8221;&#8221; rt_border_right_mobile=&#8221;&#8221; rt_bg_image_repeat=&#8221;repeat&#8221; rt_bg_size=&#8221;auto auto&#8221; rt_bg_position=&#8221;right top&#8221; rt_bg_attachment=&#8221;scroll&#8221;]<article   class=\"image-content-box content-box box-style-1 center\"><div class=\"featured_image_holder\"><img decoding=\"async\" class=\"img-responsive\" src=\"https:\/\/www.albklima.com\/site\/wp-content\/uploads\/2014\/02\/face-2-1.jpg\" alt=\"\" \/><\/div><div class=\"text-holder\"> <h5 class=\"person_name\">Tekniku 3<\/h5>\n<p>[ instalim dhe mir\u00ebmbajtje ]<\/p>\n<\/div><\/article>[\/vc_column][\/vc_row]<\/p>\n<\/div>","protected":false},"excerpt":{"rendered":"<p>[vc_row rt_row_background_width=&#8221;default&#8221; rt_row_style=&#8221;default-style&#8221; rt_row_borders=&#8221;&#8221; rt_row_paddings=&#8221;true&#8221; rt_bg_image=&#8221;3785&#8243; rt_bg_effect=&#8221;classic&#8221; rt_bg_image_repeat=&#8221;repeat&#8221; rt_bg_size=&#8221;cover&#8221; rt_bg_position=&#8221;left top&#8221; rt_bg_attachment=&#8221;scroll&#8221; rt_bg_video_format=&#8221;self-hosted&#8221; rt_padding_top=&#8221;65&#8243; rt_padding_bottom=&#8221;70&#8243;][vc_column rt_wrp_col_paddings=&#8221;false&#8221; rt_border_top=&#8221;&#8221; rt_border_bottom=&#8221;&#8221; rt_border_left=&#8221;&#8221; rt_border_right=&#8221;&#8221; rt_border_top_mobile=&#8221;&#8221; rt_border_bottom_mobile=&#8221;&#8221; rt_border_left_mobile=&#8221;&#8221; rt_border_right_mobile=&#8221;&#8221; rt_bg_image_repeat=&#8221;repeat&#8221; rt_bg_size=&#8221;auto auto&#8221; rt_bg_position=&#8221;right top&#8221; rt_bg_attachment=&#8221;scroll&#8221;][vc_text_separator title=&#8221;Personeli yn\u00eb inxhinier-teknik \u00ebsht\u00eb i kualifikuar, i certifikuar dhe kompetent p\u00ebr tipat e pajisjeve q\u00eb disponojm\u00eb, p\u00ebr t&#8217;i instaluar dhe mir\u00ebmbajtur, sipas t\u00eb gjitha k\u00ebrkesave [&hellip;]<\/p>\n","protected":false},"author":1,"featured_media":0,"parent":0,"menu_order":0,"comment_status":"closed","ping_status":"closed","template":"","meta":{"footnotes":""},"class_list":["post-2576","page","type-page","status-publish","hentry"],"_links":{"self":[{"href":"https:\/\/www.albklima.com\/site\/wp-json\/wp\/v2\/pages\/2576","targetHints":{"allow":["GET"]}}],"collection":[{"href":"https:\/\/www.albklima.com\/site\/wp-json\/wp\/v2\/pages"}],"about":[{"href":"https:\/\/www.albklima.com\/site\/wp-json\/wp\/v2\/types\/page"}],"author":[{"embeddable":true,"href":"https:\/\/www.albklima.com\/site\/wp-json\/wp\/v2\/users\/1"}],"replies":[{"embeddable":true,"href":"https:\/\/www.albklima.com\/site\/wp-json\/wp\/v2\/comments?post=2576"}],"version-history":[{"count":0,"href":"https:\/\/www.albklima.com\/site\/wp-json\/wp\/v2\/pages\/2576\/revisions"}],"wp:attachment":[{"href":"https:\/\/www.albklima.com\/site\/wp-json\/wp\/v2\/media?parent=2576"}],"curies":[{"name":"wp","href":"https:\/\/api.w.org\/{rel}","templated":true}]}}