{"id":3684,"date":"2016-03-31T10:19:48","date_gmt":"2016-03-31T10:19:48","guid":{"rendered":"https:\/\/www.albklima.com\/site\/?page_id=3684"},"modified":"2018-01-11T18:03:41","modified_gmt":"2018-01-11T17:03:41","slug":"aksesore-opsionale","status":"publish","type":"page","link":"https:\/\/www.albklima.com\/site\/aksesore-opsionale\/","title":{"rendered":"AKSESOR\u00cb OPSIONAL\u00cb"},"content":{"rendered":"<div class=\"wpb-content-wrapper\"><p>[vc_row rt_row_background_width=&#8221;fullwidth&#8221; rt_row_content_width=&#8221;default&#8221; rt_row_style=&#8221;light-style&#8221; rt_row_borders=&#8221;&#8221; rt_row_paddings=&#8221;true&#8221; rt_bg_image=&#8221;3690&#8243; rt_bg_effect=&#8221;classic&#8221; rt_bg_image_repeat=&#8221;repeat&#8221; rt_bg_size=&#8221;cover&#8221; rt_bg_position=&#8221;right top&#8221; rt_bg_attachment=&#8221;scroll&#8221; rt_bg_video_format=&#8221;self-hosted&#8221; rt_padding_top=&#8221;70&#8243; rt_padding_bottom=&#8221;56&#8243;][vc_column rt_bg_image_repeat=&#8221;repeat&#8221; rt_bg_size=&#8221;auto auto&#8221; rt_bg_attachment=&#8221;scroll&#8221;]<div class=\"rt_heading_wrapper style-1\">\n\t\t\t\t\t\t<h1 class=\"rt_heading  style-1\" >AKSESOR\u00cb OPSIONAL\u00cb<\/h1>\n\t\t\t\t\t<\/div>[\/vc_column][\/vc_row][vc_row rt_row_background_width=&#8221;default&#8221; rt_row_style=&#8221;default-style&#8221; rt_row_borders=&#8221;&#8221; rt_row_paddings=&#8221;true&#8221; rt_bg_effect=&#8221;classic&#8221; rt_bg_image_repeat=&#8221;repeat&#8221; rt_bg_size=&#8221;cover&#8221; rt_bg_position=&#8221;right top&#8221; rt_bg_attachment=&#8221;scroll&#8221; rt_bg_video_format=&#8221;self-hosted&#8221; full_width=&#8221;&#8221;][vc_column width=&#8221;1\/3&#8243; rt_bg_image_repeat=&#8221;repeat&#8221; rt_bg_size=&#8221;auto auto&#8221; rt_bg_attachment=&#8221;scroll&#8221;][vc_single_image image=&#8221;3706&#8243; img_size=&#8221;full&#8221; style=&#8221;vc_box_outline&#8221; onclick=&#8221;link_image&#8221;][vc_column_text]<strong>SINCLAIR communication module<\/strong><br \/>\nThe module is designed for applications requiring source of coldness or heat, such as cooling for air-conditioning systems or heating with connected hydrobox. Also is designed for controlling UNI DC INVERTER outdoor units ASGE-xxAIN WK and ASGE-xxAIN-3 WK.[\/vc_column_text][\/vc_column][vc_column width=&#8221;1\/3&#8243; rt_bg_image_repeat=&#8221;repeat&#8221; rt_bg_size=&#8221;auto auto&#8221; rt_bg_attachment=&#8221;scroll&#8221;][vc_single_image image=&#8221;3710&#8243; img_size=&#8221;full&#8221; style=&#8221;vc_box_outline&#8221; onclick=&#8221;link_image&#8221;][vc_column_text]<strong>SINCLAIR door module<\/strong><br \/>\nDoor module is used to control NEW UNI DC INVERTER outdoor units ASGE-xxAIN WK and ASGE-xxAIN-3 WK.[\/vc_column_text][\/vc_column][vc_column width=&#8221;1\/3&#8243; rt_bg_image_repeat=&#8221;repeat&#8221; rt_bg_size=&#8221;auto auto&#8221; rt_bg_attachment=&#8221;scroll&#8221;][vc_single_image image=&#8221;3714&#8243; img_size=&#8221;full&#8221; style=&#8221;vc_box_outline&#8221; onclick=&#8221;link_image&#8221;][vc_column_text]<strong>SINCLAIR display board<\/strong><br \/>\nUsing wall-mounted display, you can control duct units ASD-xxAIN. It indicates set operation mode and set temperature. It enables switching the unit into automatic cooling or heating mode and display error code (report).[\/vc_column_text][\/vc_column][\/vc_row][vc_row rt_row_background_width=&#8221;default&#8221; rt_row_style=&#8221;default-style&#8221; rt_row_borders=&#8221;&#8221; rt_row_paddings=&#8221;true&#8221; rt_bg_effect=&#8221;classic&#8221; rt_bg_image_repeat=&#8221;repeat&#8221; rt_bg_size=&#8221;cover&#8221; rt_bg_position=&#8221;right top&#8221; rt_bg_attachment=&#8221;scroll&#8221; rt_bg_video_format=&#8221;self-hosted&#8221; full_width=&#8221;&#8221;][vc_column width=&#8221;1\/3&#8243; rt_bg_image_repeat=&#8221;repeat&#8221; rt_bg_size=&#8221;auto auto&#8221; rt_bg_attachment=&#8221;scroll&#8221;][vc_single_image image=&#8221;3719&#8243; img_size=&#8221;full&#8221; style=&#8221;vc_box_outline&#8221; onclick=&#8221;link_image&#8221;][vc_column_text]<strong>SINCLAIR communication converter<\/strong><br \/>\nPortable communication converter is used for detection of communication protocol and for communication with PC for diagnostic of the units series NEW UNI DC INVERTER and S-THERM heat pumps. Power supply via USB connector PC.[\/vc_column_text][\/vc_column][vc_column width=&#8221;1\/3&#8243; rt_bg_image_repeat=&#8221;repeat&#8221; rt_bg_size=&#8221;auto auto&#8221; rt_bg_attachment=&#8221;scroll&#8221;][vc_single_image image=&#8221;3721&#8243; img_size=&#8221;full&#8221; style=&#8221;vc_box_outline&#8221; onclick=&#8221;link_image&#8221;][vc_column_text]<strong>SINCLAIR centralized controller and weekly timer<\/strong><br \/>\nThe centralized controller allows you to centralize up to 16 units at the same time and provide weekly start stop times. Via a telephone network and PC you can also monitor the installed system. The central controller can be used for the units which are equipped with the wire controller.[\/vc_column_text][\/vc_column][vc_column width=&#8221;1\/3&#8243; rt_bg_image_repeat=&#8221;repeat&#8221; rt_bg_size=&#8221;auto auto&#8221; rt_bg_attachment=&#8221;scroll&#8221;][vc_single_image image=&#8221;3723&#8243; img_size=&#8221;full&#8221; style=&#8221;vc_box_outline&#8221; onclick=&#8221;link_image&#8221;][vc_column_text]<strong>SINCLAIR modul GSM<\/strong><br \/>\nModul GSM is used for controlling SINCLAIR air-conditioners by means of your mobile phone. It applies IR transfer for communication with the air-conditioner, therefore there is no need to connect it to the air-conditioner whatsoever. In this view, it operates as another remote controller.[\/vc_column_text][\/vc_column][\/vc_row][vc_row rt_row_background_width=&#8221;default&#8221; rt_row_style=&#8221;default-style&#8221; rt_row_borders=&#8221;&#8221; rt_row_paddings=&#8221;true&#8221; rt_bg_effect=&#8221;classic&#8221; rt_bg_image_repeat=&#8221;repeat&#8221; rt_bg_size=&#8221;cover&#8221; rt_bg_position=&#8221;right top&#8221; rt_bg_attachment=&#8221;scroll&#8221; rt_bg_video_format=&#8221;self-hosted&#8221; full_width=&#8221;&#8221;][vc_column width=&#8221;1\/3&#8243; rt_bg_image_repeat=&#8221;repeat&#8221; rt_bg_size=&#8221;auto auto&#8221; rt_bg_attachment=&#8221;scroll&#8221;][vc_single_image image=&#8221;3727&#8243; img_size=&#8221;full&#8221; style=&#8221;vc_box_outline&#8221; onclick=&#8221;link_image&#8221;][vc_column_text]<strong>SINCLAIR set of filters for air purifier SP-300A<\/strong><br \/>\nSet of filters &#8211; package contents:<\/p>\n<ul>\n<li>1pcs HEPA + HIMOP FILTER<\/li>\n<li>3pcs COTTON FILTER<\/li>\n<li>1pcs ACTIVE CARBON FILTER<\/li>\n<li>1pcs DUST FILTER<\/li>\n<\/ul>\n<p>[\/vc_column_text][\/vc_column][vc_column width=&#8221;1\/3&#8243; rt_bg_image_repeat=&#8221;repeat&#8221; rt_bg_size=&#8221;auto auto&#8221; rt_bg_attachment=&#8221;scroll&#8221;][vc_single_image image=&#8221;3730&#8243; img_size=&#8221;full&#8221; style=&#8221;vc_box_outline&#8221; onclick=&#8221;link_image&#8221;][vc_column_text]<strong>SINCLAIR control module<\/strong><br \/>\nLeave the noise outside! Control module AK-15A makes it possible for local air conditioners SINCLAIR AMC-15A, AMC-14AN and AMC-11AN to be placed outside of cooled \/ heated area.[\/vc_column_text][\/vc_column][vc_column width=&#8221;1\/3&#8243; rt_bg_image_repeat=&#8221;repeat&#8221; rt_bg_size=&#8221;auto auto&#8221; rt_bg_attachment=&#8221;scroll&#8221;][vc_single_image image=&#8221;3731&#8243; img_size=&#8221;full&#8221; style=&#8221;vc_box_outline&#8221; onclick=&#8221;link_image&#8221;][vc_column_text]<strong>SINCLAIR window kit<\/strong><br \/>\nWindow kit AMC-WINK is accessories for local air conditioners SINCLAIR AMC-15A, AMC-14AN and AMC-11AN.<br \/>\n[\/vc_column_text][\/vc_column][\/vc_row][vc_row rt_row_background_width=&#8221;default&#8221; rt_row_style=&#8221;default-style&#8221; rt_row_borders=&#8221;&#8221; rt_row_paddings=&#8221;true&#8221; rt_bg_effect=&#8221;classic&#8221; rt_bg_image_repeat=&#8221;repeat&#8221; rt_bg_size=&#8221;cover&#8221; rt_bg_position=&#8221;right top&#8221; rt_bg_attachment=&#8221;scroll&#8221; rt_bg_video_format=&#8221;self-hosted&#8221; full_width=&#8221;&#8221;][vc_column width=&#8221;1\/3&#8243; rt_bg_image_repeat=&#8221;repeat&#8221; rt_bg_size=&#8221;auto auto&#8221; rt_bg_attachment=&#8221;scroll&#8221;][vc_single_image image=&#8221;3733&#8243; img_size=&#8221;full&#8221; style=&#8221;vc_box_outline&#8221; onclick=&#8221;link_image&#8221;][vc_column_text]<strong>SINCLAIR wall kit<\/strong><\/p>\n<p>Wall kit AMC-WK is accessories for local air conditioners SINCLAIR AMC-15A, AMC-14AN and AMC-11AN.<br \/>\n[\/vc_column_text][\/vc_column][vc_column width=&#8221;1\/3&#8243; rt_bg_image_repeat=&#8221;repeat&#8221; rt_bg_size=&#8221;auto auto&#8221; rt_bg_attachment=&#8221;scroll&#8221;][vc_single_image image=&#8221;3734&#8243; img_size=&#8221;full&#8221; style=&#8221;vc_box_outline&#8221; onclick=&#8221;link_image&#8221;][vc_column_text]<strong>SINCLAIR WIFI module<\/strong><\/p>\n<p>This USB WIFI module can be connected to indoor unit of KITE series. You achieve long distance control of air conditioner with smart phone or tablet.<br \/>\n[\/vc_column_text][\/vc_column][vc_column width=&#8221;1\/3&#8243; rt_bg_image_repeat=&#8221;repeat&#8221; rt_bg_size=&#8221;auto auto&#8221; rt_bg_attachment=&#8221;scroll&#8221;][vc_single_image image=&#8221;3735&#8243; img_size=&#8221;full&#8221; style=&#8221;vc_box_outline&#8221; onclick=&#8221;link_image&#8221;][vc_column_text]<strong>SINCLAIR port board<\/strong><\/p>\n<p>This port board can be connected to diplay board of indoor units of Kite series. It incudes on\/off port, alarm port, wired and centrall controller terminal board.<br \/>\n[\/vc_column_text][\/vc_column][\/vc_row][vc_row rt_row_background_width=&#8221;default&#8221; rt_row_style=&#8221;default-style&#8221; rt_row_borders=&#8221;&#8221; rt_row_paddings=&#8221;true&#8221; rt_bg_effect=&#8221;classic&#8221; rt_bg_image_repeat=&#8221;repeat&#8221; rt_bg_size=&#8221;cover&#8221; rt_bg_position=&#8221;right top&#8221; rt_bg_attachment=&#8221;scroll&#8221; rt_bg_video_format=&#8221;self-hosted&#8221; full_width=&#8221;&#8221;][vc_column width=&#8221;1\/3&#8243; rt_bg_image_repeat=&#8221;repeat&#8221; rt_bg_size=&#8221;auto auto&#8221; rt_bg_attachment=&#8221;scroll&#8221;][vc_single_image image=&#8221;3737&#8243; img_size=&#8221;full&#8221; style=&#8221;vc_box_outline&#8221; onclick=&#8221;link_image&#8221;][vc_column_text]<strong>SINCLAIR central wired controller<\/strong><\/p>\n<ul>\n<li>Central wired controller<\/li>\n<li>For simultaneous control of 1-16 indoor units of KITE series<\/li>\n<li>Weekly timer<\/li>\n<li>New design<\/li>\n<\/ul>\n<p>[\/vc_column_text][\/vc_column][vc_column width=&#8221;2\/3&#8243; rt_bg_image_repeat=&#8221;repeat&#8221; rt_bg_size=&#8221;auto auto&#8221; rt_bg_attachment=&#8221;scroll&#8221;]<div class=\"rt_heading_wrapper style-2\">\n\t\t\t\t\t\t<h4 class=\"rt_heading  style-2\" ><span class=\"icon-add-to-bag heading_icon\"><\/span>FILTRAT E AJ\u00cbRIT \u201cSINCLAIR\u201d<\/h4>\n\t\t\t\t\t<\/div>\r\n\t\t\t\t<div id=\"slider-image-carousel-151725\" class=\"rt-carousel rt-image-carousel carousel-holder clearfix rt-image-carousel \" data-item-width=\"2\" data-nav=\"false\" data-dots=\"true\" data-margin=\"\" data-autoplay=\"true\" data-timeout=\"2000\" data-loop=\"false\" data-tablet-item-width=\"\" data-mobile-item-width=\"1\">\r\n\t\t\t\t\t<div class=\"owl-carousel\">\r\n\t\t\t\t\t\t<div><a id=\"lightbox-549126\" class=\"imgeffect zoom lightbox_\" data-group=\"slider-carousel-220581\" title=\"Enlarge Image\" data-title=\"SILVER ION FILTER\" data-sub-html=\"#lightbox-549126-description\" data-thumbnail=\"https:\/\/www.albklima.com\/site\/wp-content\/uploads\/2016\/03\/SILVER-ION-FILTER-75x50.jpg\" data-thumbTooltip=\"\" data-scaleUp=\"\" data-href=\"\" data-width=\"\" data-height=\"\" data-flashHasPriority=\"\" data-poster=\"\" data-autoplay=\"\" data-audiotitle=\"\" data-html=\"\" href=\"https:\/\/www.albklima.com\/site\/wp-content\/uploads\/2016\/03\/SILVER-ION-FILTER.jpg\" ><img decoding=\"async\" src=\"https:\/\/www.albklima.com\/site\/wp-content\/uploads\/2016\/03\/SILVER-ION-FILTER-400x300.jpg\" alt=\"\" itemprop=\"image\"><\/a>\r\n\t\t\t<div class=\"lighbox-description hidden\" id=\"lightbox-549126-description\">\r\n\t\t\t\t<strong>SILVER ION FILTER<\/strong><br>\r\n\t\t\t\t\r\n\t\t\t<\/div><\/div><div><a id=\"lightbox-416281\" class=\"imgeffect zoom lightbox_\" data-group=\"slider-carousel-220581\" title=\"Enlarge Image\" data-title=\"BIOLOGICAL ANTI-BACTERIA FILTER\" data-sub-html=\"#lightbox-416281-description\" data-thumbnail=\"https:\/\/www.albklima.com\/site\/wp-content\/uploads\/2016\/03\/BIOLOGICAL-ANTI-BACTERIA-FILTER-75x50.jpg\" data-thumbTooltip=\"\" data-scaleUp=\"\" data-href=\"\" data-width=\"\" data-height=\"\" data-flashHasPriority=\"\" data-poster=\"\" data-autoplay=\"\" data-audiotitle=\"\" data-html=\"\" href=\"https:\/\/www.albklima.com\/site\/wp-content\/uploads\/2016\/03\/BIOLOGICAL-ANTI-BACTERIA-FILTER.jpg\" ><img decoding=\"async\" src=\"https:\/\/www.albklima.com\/site\/wp-content\/uploads\/2016\/03\/BIOLOGICAL-ANTI-BACTERIA-FILTER-400x300.jpg\" alt=\"\" itemprop=\"image\"><\/a>\r\n\t\t\t<div class=\"lighbox-description hidden\" id=\"lightbox-416281-description\">\r\n\t\t\t\t<strong>BIOLOGICAL ANTI-BACTERIA FILTER<\/strong><br>\r\n\t\t\t\t\r\n\t\t\t<\/div><\/div><div><a id=\"lightbox-621982\" class=\"imgeffect zoom lightbox_\" data-group=\"slider-carousel-220581\" title=\"Enlarge Image\" data-title=\"CATECHIN FILTER\" data-sub-html=\"#lightbox-621982-description\" data-thumbnail=\"https:\/\/www.albklima.com\/site\/wp-content\/uploads\/2016\/03\/CATECHIN-FILTER-75x50.jpg\" data-thumbTooltip=\"\" data-scaleUp=\"\" data-href=\"\" data-width=\"\" data-height=\"\" data-flashHasPriority=\"\" data-poster=\"\" data-autoplay=\"\" data-audiotitle=\"\" data-html=\"\" href=\"https:\/\/www.albklima.com\/site\/wp-content\/uploads\/2016\/03\/CATECHIN-FILTER.jpg\" ><img decoding=\"async\" src=\"https:\/\/www.albklima.com\/site\/wp-content\/uploads\/2016\/03\/CATECHIN-FILTER-400x300.jpg\" alt=\"\" itemprop=\"image\"><\/a>\r\n\t\t\t<div class=\"lighbox-description hidden\" id=\"lightbox-621982-description\">\r\n\t\t\t\t<strong>CATECHIN FILTER<\/strong><br>\r\n\t\t\t\t\r\n\t\t\t<\/div><\/div><div><a id=\"lightbox-417139\" class=\"imgeffect zoom lightbox_\" data-group=\"slider-carousel-220581\" title=\"Enlarge Image\" data-title=\"ELECTROSTATIC DEDUSTING FILTER\" data-sub-html=\"#lightbox-417139-description\" data-thumbnail=\"https:\/\/www.albklima.com\/site\/wp-content\/uploads\/2016\/03\/ELECTROSTATIC-DEDUSTING-FILTER-75x50.png\" data-thumbTooltip=\"\" data-scaleUp=\"\" data-href=\"\" data-width=\"\" data-height=\"\" data-flashHasPriority=\"\" data-poster=\"\" data-autoplay=\"\" data-audiotitle=\"\" data-html=\"\" href=\"https:\/\/www.albklima.com\/site\/wp-content\/uploads\/2016\/03\/ELECTROSTATIC-DEDUSTING-FILTER.png\" ><img decoding=\"async\" src=\"https:\/\/www.albklima.com\/site\/wp-content\/uploads\/2016\/03\/ELECTROSTATIC-DEDUSTING-FILTER-400x300.png\" alt=\"\" itemprop=\"image\"><\/a>\r\n\t\t\t<div class=\"lighbox-description hidden\" id=\"lightbox-417139-description\">\r\n\t\t\t\t<strong>ELECTROSTATIC DEDUSTING FILTER<\/strong><br>\r\n\t\t\t\t\r\n\t\t\t<\/div><\/div><div><a id=\"lightbox-603120\" class=\"imgeffect zoom lightbox_\" data-group=\"slider-carousel-220581\" title=\"Enlarge Image\" data-title=\"LTC CATALYST FILTER\" data-sub-html=\"#lightbox-603120-description\" data-thumbnail=\"https:\/\/www.albklima.com\/site\/wp-content\/uploads\/2016\/03\/LTC-CATALYST-FILTER-75x50.jpg\" data-thumbTooltip=\"\" data-scaleUp=\"\" data-href=\"\" data-width=\"\" data-height=\"\" data-flashHasPriority=\"\" data-poster=\"\" data-autoplay=\"\" data-audiotitle=\"\" data-html=\"\" href=\"https:\/\/www.albklima.com\/site\/wp-content\/uploads\/2016\/03\/LTC-CATALYST-FILTER.jpg\" ><img decoding=\"async\" src=\"https:\/\/www.albklima.com\/site\/wp-content\/uploads\/2016\/03\/LTC-CATALYST-FILTER-400x300.jpg\" alt=\"\" itemprop=\"image\"><\/a>\r\n\t\t\t<div class=\"lighbox-description hidden\" id=\"lightbox-603120-description\">\r\n\t\t\t\t<strong>LTC CATALYST FILTER<\/strong><br>\r\n\t\t\t\t\r\n\t\t\t<\/div><\/div>\r\n\t\t\t\t\t<\/div>\r\n\t\t\t\t\t\r\n\t\t\t\t<div id=\"slider-image-carousel-151725-dots\" class=\"dots-holder\">\r\n\t\t\t\t<\/div>\r\n\t\t\t\r\n\t\t\t\t<\/div>\r\n\t\t\t[vc_column_text]\n\t<div  class=\"row \">\n\t\t\n\n\t<div class=\"col col-xs-12 col-sm-4\">\n\t\t\t\n<ul>\n<li>SCMI-01: communication module<\/li>\n<li>SDM-01: door module<\/li>\n<li>SND-01: display board<\/li>\n<li>SDC-01: communication converter<\/li>\n<li>SCC-16: centralized controller and weekly timer<\/li>\n<li>G2S: modul GSM<\/li>\n<\/ul>\n\n\t<\/div>\n\n\n\t<div class=\"col col-xs-12 col-sm-4\">\n\t\t\t\n<ul>\n<li>SPF-300: set of filters for air purifier<\/li>\n<li>SP-300A<\/li>\n<li>AK-15A: control module<\/li>\n<li>AMC-WINK: window kit<\/li>\n<li>AMC-WK: wall kit<\/li>\n<li>ELECTROSTATIC DEDUSTING FILTER<\/li>\n<li>ACTIVE CARBON FILTER<\/li>\n<\/ul>\n\n\t<\/div>\n\n\n\t<div class=\"col col-xs-12 col-sm-4\">\n\t\t\t\n<ul>\n<li>CATECHIN FILTER<\/li>\n<li>LTC CATALYST FILTER<\/li>\n<li>BIOLOGICAL ANTI-BACTERIA FILTER<\/li>\n<li>SILVER ION FILTER<\/li>\n<li>SWM-01: WIFI module<\/li>\n<li>SPB-01: port board<\/li>\n<li>KJR-120G: central wired controller<\/li>\n<\/ul>\n\n\t<\/div>\n\n\n\t<\/div>\n[\/vc_column_text][\/vc_column][\/vc_row][vc_row rt_row_background_width=&#8221;default&#8221; rt_row_style=&#8221;default-style&#8221; rt_row_borders=&#8221;&#8221; rt_row_paddings=&#8221;true&#8221; rt_bg_effect=&#8221;classic&#8221; rt_bg_image_repeat=&#8221;repeat&#8221; rt_bg_size=&#8221;cover&#8221; rt_bg_position=&#8221;right top&#8221; rt_bg_attachment=&#8221;scroll&#8221; rt_bg_video_format=&#8221;self-hosted&#8221; full_width=&#8221;&#8221;][vc_column rt_bg_image_repeat=&#8221;repeat&#8221; rt_bg_size=&#8221;auto auto&#8221; rt_bg_attachment=&#8221;scroll&#8221;][vc_cta h2=&#8221;ZGJIDH AKSESORIN Q\u00cb D\u00cbSHIRONI DHE &#8230;&#8221; h4=&#8221;Ne do t&#8217;ju p\u00ebrgjigjemi n\u00eb koh\u00ebn e duhur&#8221; shape=&#8221;square&#8221; style=&#8221;flat&#8221; color=&#8221;grey&#8221; add_button=&#8221;right&#8221; btn_title=&#8221;POROSIT N\u00cb EMAIL&#8221; btn_style=&#8221;flat&#8221; btn_shape=&#8221;square&#8221; btn_color=&#8221;info&#8221; btn_size=&#8221;lg&#8221; btn_i_icon_fontawesome=&#8221;fa fa-envelope-o&#8221; btn_link=&#8221;url:http%3A%2F%2Fwww.albklima.com%2Fweb%2Fna-kontaktoni%2F|title:POROSIT%20N%C3%8B%20EMAIL|target:%20_blank&#8221; btn_add_icon=&#8221;true&#8221;][\/vc_cta][\/vc_column][\/vc_row]<\/p>\n<\/div>","protected":false},"excerpt":{"rendered":"<p>[vc_row rt_row_background_width=&#8221;fullwidth&#8221; rt_row_content_width=&#8221;default&#8221; rt_row_style=&#8221;light-style&#8221; rt_row_borders=&#8221;&#8221; rt_row_paddings=&#8221;true&#8221; rt_bg_image=&#8221;3690&#8243; rt_bg_effect=&#8221;classic&#8221; rt_bg_image_repeat=&#8221;repeat&#8221; rt_bg_size=&#8221;cover&#8221; rt_bg_position=&#8221;right top&#8221; rt_bg_attachment=&#8221;scroll&#8221; rt_bg_video_format=&#8221;self-hosted&#8221; rt_padding_top=&#8221;70&#8243; rt_padding_bottom=&#8221;56&#8243;][vc_column rt_bg_image_repeat=&#8221;repeat&#8221; rt_bg_size=&#8221;auto auto&#8221; rt_bg_attachment=&#8221;scroll&#8221;][\/vc_column][\/vc_row][vc_row rt_row_background_width=&#8221;default&#8221; rt_row_style=&#8221;default-style&#8221; rt_row_borders=&#8221;&#8221; rt_row_paddings=&#8221;true&#8221; rt_bg_effect=&#8221;classic&#8221; rt_bg_image_repeat=&#8221;repeat&#8221; rt_bg_size=&#8221;cover&#8221; rt_bg_position=&#8221;right top&#8221; rt_bg_attachment=&#8221;scroll&#8221; rt_bg_video_format=&#8221;self-hosted&#8221; full_width=&#8221;&#8221;][vc_column width=&#8221;1\/3&#8243; rt_bg_image_repeat=&#8221;repeat&#8221; rt_bg_size=&#8221;auto auto&#8221; rt_bg_attachment=&#8221;scroll&#8221;][vc_single_image image=&#8221;3706&#8243; img_size=&#8221;full&#8221; style=&#8221;vc_box_outline&#8221; onclick=&#8221;link_image&#8221;][vc_column_text]SINCLAIR communication module The module is designed for applications requiring source of coldness or heat, [&hellip;]<\/p>\n","protected":false},"author":1,"featured_media":0,"parent":0,"menu_order":0,"comment_status":"closed","ping_status":"closed","template":"","meta":{"footnotes":""},"class_list":["post-3684","page","type-page","status-publish","hentry"],"_links":{"self":[{"href":"https:\/\/www.albklima.com\/site\/wp-json\/wp\/v2\/pages\/3684","targetHints":{"allow":["GET"]}}],"collection":[{"href":"https:\/\/www.albklima.com\/site\/wp-json\/wp\/v2\/pages"}],"about":[{"href":"https:\/\/www.albklima.com\/site\/wp-json\/wp\/v2\/types\/page"}],"author":[{"embeddable":true,"href":"https:\/\/www.albklima.com\/site\/wp-json\/wp\/v2\/users\/1"}],"replies":[{"embeddable":true,"href":"https:\/\/www.albklima.com\/site\/wp-json\/wp\/v2\/comments?post=3684"}],"version-history":[{"count":0,"href":"https:\/\/www.albklima.com\/site\/wp-json\/wp\/v2\/pages\/3684\/revisions"}],"wp:attachment":[{"href":"https:\/\/www.albklima.com\/site\/wp-json\/wp\/v2\/media?parent=3684"}],"curies":[{"name":"wp","href":"https:\/\/api.w.org\/{rel}","templated":true}]}}