{"id":7,"date":"2015-02-02T04:30:36","date_gmt":"2015-02-02T04:30:36","guid":{"rendered":"http:\/\/rttheme19.rtthemes.com\/?page_id=7"},"modified":"2018-01-11T18:02:35","modified_gmt":"2018-01-11T17:02:35","slug":"kondicionere-ajri-residenciale","status":"publish","type":"page","link":"https:\/\/www.albklima.com\/site\/kondicionere-ajri-residenciale\/","title":{"rendered":"KONDICIONER\u00cb RESIDENCIAL\u00cb"},"content":{"rendered":"<div class=\"wpb-content-wrapper\"><p>[vc_row rt_row_background_width=&#8221;fullwidth&#8221; rt_row_content_width=&#8221;default&#8221; rt_row_style=&#8221;light-style&#8221; rt_row_borders=&#8221;&#8221; rt_row_paddings=&#8221;true&#8221; rt_bg_image=&#8221;2987&#8243; rt_bg_effect=&#8221;classic&#8221; rt_bg_image_repeat=&#8221;no-repeat&#8221; rt_bg_size=&#8221;cover&#8221; rt_bg_position=&#8221;left top&#8221; rt_bg_attachment=&#8221;scroll&#8221; rt_bg_video_format=&#8221;self-hosted&#8221; rt_padding_top=&#8221;80&#8243; rt_padding_bottom=&#8221;76&#8243;][vc_column rt_bg_image_repeat=&#8221;repeat&#8221; rt_bg_size=&#8221;auto auto&#8221; rt_bg_attachment=&#8221;scroll&#8221;]<div class=\"rt_heading_wrapper style-3\">\n\t\t\t\t\t\t<h1 class=\"rt_heading  style-3\" >KONDICIONER\u00cb AJRI RESIDENCIAL\u00cb<\/h1>\n\t\t\t\t\t<\/div>[\/vc_column][\/vc_row][vc_row rt_row_background_width=&#8221;default&#8221; rt_row_style=&#8221;default-style&#8221; rt_row_borders=&#8221;&#8221; rt_overlap=&#8221;true&#8221; rt_row_paddings=&#8221;true&#8221; rt_bg_effect=&#8221;classic&#8221; rt_bg_image_repeat=&#8221;repeat&#8221; rt_bg_size=&#8221;cover&#8221; rt_bg_position=&#8221;right top&#8221; rt_bg_attachment=&#8221;scroll&#8221; rt_bg_video_format=&#8221;self-hosted&#8221;][vc_column rt_bg_image_repeat=&#8221;repeat&#8221; rt_bg_size=&#8221;auto auto&#8221; rt_bg_attachment=&#8221;scroll&#8221;]\n<div id=\"product-dynamicID-989412\" class=\"product_holder product-showcase clearfix  border_grid fixed_heights\" data-column-width=\"3\">\n<div class=\"row clearfix\">\n<div class=\"col product_item_holder col-sm-4  kondicionere-rezidenciale murale\">\n\n<div class=\"product_item_holder\">\n\n\t\t\t<div class=\"featured_image\"> \n\t\t\t<!-- product image -->\n\t\t\t<div class=\"featured_image\"> \n\t\t\t\t<a href=\"https:\/\/www.albklima.com\/site\/product-details\/seria-vision\/\" title=\"SERIA MARVIN ( P R E M I U M )\" rel=\"bookmark\" class=\"imgeffect link\"><img decoding=\"async\" src=\"https:\/\/www.albklima.com\/site\/wp-content\/uploads\/2018\/06\/marvin-sih-xxbim-variations-800x600px-72dpi-640x480.png\" alt=\"\" class=\"\" \/><\/a> \n\t\t\t<\/div> \n\t\t<\/div> \n\t\n\n\t\n\t\t\t\t\t\t\n\t\t<div class=\"product_info\">\n\n\t\t\t\t\t\t\t\t<!-- title-->\n\t\t\t\t<h5 class=\"clean_heading\"><a href=\"https:\/\/www.albklima.com\/site\/product-details\/seria-vision\/\" title=\"SERIA MARVIN ( P R E M I U M )\" rel=\"bookmark\">SERIA MARVIN ( P R E M I U M )<\/a><\/h5>\n\t\t\t\t\n\t\t\t\t<!-- text-->\n\t\t\t\t\n\t\t\t\t<div class=\"product_info_footer clearfix\"><div class=\"action_buttons\"><a href=\"https:\/\/www.albklima.com\/site\/product-details\/seria-vision\/\" title=\"SERIA MARVIN ( P R E M I U M )\" class=\"details icon-angle-right\">Details<\/a><\/div><\/div> \t\t\n\n\t\t<\/div>\n\t\t\n\n\t\n<\/div><\/div>\n<div class=\"col product_item_holder col-sm-4  kondicionere-rezidenciale murale\">\n\n<div class=\"product_item_holder\">\n\n\t\t\t<div class=\"featured_image\"> \n\t\t\t<!-- product image -->\n\t\t\t<div class=\"featured_image\"> \n\t\t\t\t<a href=\"https:\/\/www.albklima.com\/site\/product-details\/seria-focus\/\" title=\"SERIA TERREL\" rel=\"bookmark\" class=\"imgeffect link\"><img decoding=\"async\" src=\"https:\/\/www.albklima.com\/site\/wp-content\/uploads\/2018\/04\/terrel-400x260px-72dpi-1-640x480.png\" alt=\"\" class=\"\" \/><\/a> \n\t\t\t<\/div> \n\t\t<\/div> \n\t\n\n\t\n\t\t\t\t\t\t\n\t\t<div class=\"product_info\">\n\n\t\t\t\t\t\t\t\t<!-- title-->\n\t\t\t\t<h5 class=\"clean_heading\"><a href=\"https:\/\/www.albklima.com\/site\/product-details\/seria-focus\/\" title=\"SERIA TERREL\" rel=\"bookmark\">SERIA TERREL<\/a><\/h5>\n\t\t\t\t\n\t\t\t\t<!-- text-->\n\t\t\t\t\n\t\t\t\t<div class=\"product_info_footer clearfix\"><div class=\"action_buttons\"><a href=\"https:\/\/www.albklima.com\/site\/product-details\/seria-focus\/\" title=\"SERIA TERREL\" class=\"details icon-angle-right\">Details<\/a><\/div><\/div> \t\t\n\n\t\t<\/div>\n\t\t\n\n\t\n<\/div><\/div>\n<div class=\"col product_item_holder col-sm-4  kondicionere-rezidenciale murale\">\n\n<div class=\"product_item_holder\">\n\n\t\t\t<div class=\"featured_image\"> \n\t\t\t<!-- product image -->\n\t\t\t<div class=\"featured_image\"> \n\t\t\t\t<a href=\"https:\/\/www.albklima.com\/site\/product-details\/seria-kite\/\" title=\"SERIA KEYON\" rel=\"bookmark\" class=\"imgeffect link\"><img decoding=\"async\" src=\"https:\/\/www.albklima.com\/site\/wp-content\/uploads\/2018\/04\/keyon-sih-xxbik-800x600px-72dpi-02-640x480.png\" alt=\"\" class=\"\" \/><\/a> \n\t\t\t<\/div> \n\t\t<\/div> \n\t\n\n\t\n\t\t\t\t\t\t\n\t\t<div class=\"product_info\">\n\n\t\t\t\t\t\t\t\t<!-- title-->\n\t\t\t\t<h5 class=\"clean_heading\"><a href=\"https:\/\/www.albklima.com\/site\/product-details\/seria-kite\/\" title=\"SERIA KEYON\" rel=\"bookmark\">SERIA KEYON<\/a><\/h5>\n\t\t\t\t\n\t\t\t\t<!-- text-->\n\t\t\t\t\n\t\t\t\t<div class=\"product_info_footer clearfix\"><div class=\"action_buttons\"><a href=\"https:\/\/www.albklima.com\/site\/product-details\/seria-kite\/\" title=\"SERIA KEYON\" class=\"details icon-angle-right\">Details<\/a><\/div><\/div> \t\t\n\n\t\t<\/div>\n\t\t\n\n\t\n<\/div><\/div>\n<\/div>\n<div class=\"row clearfix\">\n<div class=\"col product_item_holder col-sm-4  kondicionere-rezidenciale murale\">\n\n<div class=\"product_item_holder\">\n\n\t\t\t<div class=\"featured_image\"> \n\t\t\t<!-- product image -->\n\t\t\t<div class=\"featured_image\"> \n\t\t\t\t<a href=\"https:\/\/www.albklima.com\/site\/product-details\/seria-spectrum\/\" title=\"SERIA SPECTRUM\" rel=\"bookmark\" class=\"imgeffect link\"><img decoding=\"async\" src=\"https:\/\/www.albklima.com\/site\/wp-content\/uploads\/2015\/02\/SPECTRUM-PLUS-SERIESw-800x600px-72dpi-640x480.jpg\" alt=\"\" class=\"\" \/><\/a> \n\t\t\t<\/div> \n\t\t<\/div> \n\t\n\n\t\n\t\t\t\t\t\t\n\t\t<div class=\"product_info\">\n\n\t\t\t\t\t\t\t\t<!-- title-->\n\t\t\t\t<h5 class=\"clean_heading\"><a href=\"https:\/\/www.albklima.com\/site\/product-details\/seria-spectrum\/\" title=\"SERIA SPECTRUM\" rel=\"bookmark\">SERIA SPECTRUM<\/a><\/h5>\n\t\t\t\t\n\t\t\t\t<!-- text-->\n\t\t\t\t\n\t\t\t\t<div class=\"product_info_footer clearfix\"><div class=\"action_buttons\"><a href=\"https:\/\/www.albklima.com\/site\/product-details\/seria-spectrum\/\" title=\"SERIA SPECTRUM\" class=\"details icon-angle-right\">Details<\/a><\/div><\/div> \t\t\n\n\t\t<\/div>\n\t\t\n\n\t\n<\/div><\/div>\n<div class=\"col product_item_holder col-sm-4  kondicionere-rezidenciale murale\">\n\n<div class=\"product_item_holder\">\n\n\t\t\t<div class=\"featured_image\"> \n\t\t\t<!-- product image -->\n\t\t\t<div class=\"featured_image\"> \n\t\t\t\t<a href=\"https:\/\/www.albklima.com\/site\/product-details\/seria-zoom\/\" title=\"RAY SERIES\" rel=\"bookmark\" class=\"imgeffect link\"><img decoding=\"async\" src=\"https:\/\/www.albklima.com\/site\/wp-content\/uploads\/2018\/04\/RAY.png\" alt=\"\" class=\"\" \/><\/a> \n\t\t\t<\/div> \n\t\t<\/div> \n\t\n\n\t\n\t\t\t\t\t\t\n\t\t<div class=\"product_info\">\n\n\t\t\t\t\t\t\t\t<!-- title-->\n\t\t\t\t<h5 class=\"clean_heading\"><a href=\"https:\/\/www.albklima.com\/site\/product-details\/seria-zoom\/\" title=\"RAY SERIES\" rel=\"bookmark\">RAY SERIES<\/a><\/h5>\n\t\t\t\t\n\t\t\t\t<!-- text-->\n\t\t\t\t\n\t\t\t\t<div class=\"product_info_footer clearfix\"><div class=\"action_buttons\"><a href=\"https:\/\/www.albklima.com\/site\/product-details\/seria-zoom\/\" title=\"RAY SERIES\" class=\"details icon-angle-right\">Details<\/a><\/div><\/div> \t\t\n\n\t\t<\/div>\n\t\t\n\n\t\n<\/div><\/div>\n<div class=\"col product_item_holder col-sm-4  kanalore kasete kondicionere-rezidenciale multi-system murale\">\n\n<div class=\"product_item_holder\">\n\n\t\t\t<div class=\"featured_image\"> \n\t\t\t<!-- product image -->\n\t\t\t<div class=\"featured_image\"> \n\t\t\t\t<a href=\"https:\/\/www.albklima.com\/site\/product-details\/seria-multi-system\/\" title=\"SERIA MULTISPLIT INVERTER R32\" rel=\"bookmark\" class=\"imgeffect link\"><img decoding=\"async\" src=\"https:\/\/www.albklima.com\/site\/wp-content\/uploads\/2018\/04\/mv-e36-42bi2-outdoor-800x600px-72dpi-01-640x480.png\" alt=\"\" class=\"\" \/><\/a> \n\t\t\t<\/div> \n\t\t<\/div> \n\t\n\n\t\n\t\t\t\t\t\t\n\t\t<div class=\"product_info\">\n\n\t\t\t\t\t\t\t\t<!-- title-->\n\t\t\t\t<h5 class=\"clean_heading\"><a href=\"https:\/\/www.albklima.com\/site\/product-details\/seria-multi-system\/\" title=\"SERIA MULTISPLIT INVERTER R32\" rel=\"bookmark\">SERIA MULTISPLIT INVERTER R32<\/a><\/h5>\n\t\t\t\t\n\t\t\t\t<!-- text-->\n\t\t\t\t\n\t\t\t\t<div class=\"product_info_footer clearfix\"><div class=\"action_buttons\"><a href=\"https:\/\/www.albklima.com\/site\/product-details\/seria-multi-system\/\" title=\"SERIA MULTISPLIT INVERTER R32\" class=\"details icon-angle-right\">Details<\/a><\/div><\/div> \t\t\n\n\t\t<\/div>\n\t\t\n\n\t\n<\/div><\/div>\n<\/div>\n<\/div>\n<div class=\"paging_wrapper margin-t30 margin-b30\"><\/div>[\/vc_column][\/vc_row][vc_row rt_row_background_width=&#8221;default&#8221; rt_row_style=&#8221;default-style&#8221; rt_row_borders=&#8221;&#8221; rt_row_paddings=&#8221;true&#8221; rt_bg_effect=&#8221;classic&#8221; rt_bg_image_repeat=&#8221;repeat&#8221; rt_bg_size=&#8221;cover&#8221; rt_bg_position=&#8221;right top&#8221; rt_bg_attachment=&#8221;scroll&#8221; rt_bg_video_format=&#8221;self-hosted&#8221;][vc_column rt_bg_image_repeat=&#8221;repeat&#8221; rt_bg_size=&#8221;auto auto&#8221; rt_bg_attachment=&#8221;scroll&#8221;]\r\n\t\t\t\t<div id=\"slider-product-dynamicID-250142\" class=\"rt-carousel rt-image-carousel carousel-holder clearfix product-carousel\" data-item-width=\"3\" data-nav=\"false\" data-dots=\"true\" data-margin=\"25\" data-autoplay=\"true\" data-timeout=\"3000\" data-loop=\"false\" data-tablet-item-width=\"\" data-mobile-item-width=\"1\">\r\n\t\t\t\t\t<div class=\"owl-carousel\">\r\n\t\t\t\t\t\t<div><div class=\"product_item_holder item product  kanalore kasete kondicionere-rezidenciale multi-system murale\">\n\n<div class=\"product_item_holder\">\n\n\t\t\t<div class=\"featured_image\"> \n\t\t\t<!-- product image -->\n\t\t\t<div class=\"featured_image\"> \n\t\t\t\t<a href=\"https:\/\/www.albklima.com\/site\/product-details\/seria-multi-system\/\" title=\"SERIA MULTISPLIT INVERTER R32\" rel=\"bookmark\" class=\"imgeffect link\"><img decoding=\"async\" src=\"https:\/\/www.albklima.com\/site\/wp-content\/uploads\/2018\/04\/mv-e36-42bi2-outdoor-800x600px-72dpi-01-640x480.png\" alt=\"\" class=\"\" \/><\/a> \n\t\t\t<\/div> \n\t\t<\/div> \n\t\n\n\t\n\t\t\t\t\t\t\n\t\t<div class=\"product_info\">\n\n\t\t\t\t\t\t\t\t<!-- title-->\n\t\t\t\t<h5 class=\"clean_heading\"><a href=\"https:\/\/www.albklima.com\/site\/product-details\/seria-multi-system\/\" title=\"SERIA MULTISPLIT INVERTER R32\" rel=\"bookmark\">SERIA MULTISPLIT INVERTER R32<\/a><\/h5>\n\t\t\t\t\n\t\t\t\t<!-- text-->\n\t\t\t\t\n\t\t\t\t<div class=\"product_info_footer clearfix\"><div class=\"action_buttons\"><a href=\"https:\/\/www.albklima.com\/site\/product-details\/seria-multi-system\/\" title=\"SERIA MULTISPLIT INVERTER R32\" class=\"details icon-angle-right\">Details<\/a><\/div><\/div> \t\t\n\n\t\t<\/div>\n\t\t\n\n\t\n<\/div><\/div>\n<\/div><div><div class=\"product_item_holder item product  kondicionere-rezidenciale lokale-portabel\">\n\n<div class=\"product_item_holder\">\n\n\t\t\t<div class=\"featured_image\"> \n\t\t\t<!-- product image -->\n\t\t\t<div class=\"featured_image\"> \n\t\t\t\t<a href=\"https:\/\/www.albklima.com\/site\/product-details\/pastrues-ajri\/\" title=\"PASTRUES AJRI\" rel=\"bookmark\" class=\"imgeffect link\"><img decoding=\"async\" src=\"https:\/\/www.albklima.com\/site\/wp-content\/uploads\/2016\/03\/sp-75uv-800x600px-300dpi-01.png\" alt=\"\" class=\"\" \/><\/a> \n\t\t\t<\/div> \n\t\t<\/div> \n\t\n\n\t\n\t\t\t\t\t\t\n\t\t<div class=\"product_info\">\n\n\t\t\t\t\t\t\t\t<!-- title-->\n\t\t\t\t<h5 class=\"clean_heading\"><a href=\"https:\/\/www.albklima.com\/site\/product-details\/pastrues-ajri\/\" title=\"PASTRUES AJRI\" rel=\"bookmark\">PASTRUES AJRI<\/a><\/h5>\n\t\t\t\t\n\t\t\t\t<!-- text-->\n\t\t\t\t\n\t\t\t\t<div class=\"product_info_footer clearfix\"><div class=\"action_buttons\"><a href=\"https:\/\/www.albklima.com\/site\/product-details\/pastrues-ajri\/\" title=\"PASTRUES AJRI\" class=\"details icon-angle-right\">Details<\/a><\/div><\/div> \t\t\n\n\t\t<\/div>\n\t\t\n\n\t\n<\/div><\/div>\n<\/div><div><div class=\"product_item_holder item product  dehumidifiers kondicionere-rezidenciale\">\n\n<div class=\"product_item_holder\">\n\n\t\t\t<div class=\"featured_image\"> \n\t\t\t<!-- product image -->\n\t\t\t<div class=\"featured_image\"> \n\t\t\t\t<a href=\"https:\/\/www.albklima.com\/site\/product-details\/heqesit-e-lageshtires\/\" title=\"HEQ\u00cbSIT E LAG\u00cbSHTIR\u00cbS\" rel=\"bookmark\" class=\"imgeffect link\"><img decoding=\"async\" src=\"https:\/\/www.albklima.com\/site\/wp-content\/uploads\/2016\/03\/dehum-640x480.jpg\" alt=\"\" class=\"\" \/><\/a> \n\t\t\t<\/div> \n\t\t<\/div> \n\t\n\n\t\n\t\t\t\t\t\t\n\t\t<div class=\"product_info\">\n\n\t\t\t\t\t\t\t\t<!-- title-->\n\t\t\t\t<h5 class=\"clean_heading\"><a href=\"https:\/\/www.albklima.com\/site\/product-details\/heqesit-e-lageshtires\/\" title=\"HEQ\u00cbSIT E LAG\u00cbSHTIR\u00cbS\" rel=\"bookmark\">HEQ\u00cbSIT E LAG\u00cbSHTIR\u00cbS<\/a><\/h5>\n\t\t\t\t\n\t\t\t\t<!-- text-->\n\t\t\t\t\n\t\t\t\t<div class=\"product_info_footer clearfix\"><div class=\"action_buttons\"><a href=\"https:\/\/www.albklima.com\/site\/product-details\/heqesit-e-lageshtires\/\" title=\"HEQ\u00cbSIT E LAG\u00cbSHTIR\u00cbS\" class=\"details icon-angle-right\">Details<\/a><\/div><\/div> \t\t\n\n\t\t<\/div>\n\t\t\n\n\t\n<\/div><\/div>\n<\/div><div><div class=\"product_item_holder item product  kondicionere-rezidenciale lokale-portabel\">\n\n<div class=\"product_item_holder\">\n\n\t\t\t<div class=\"featured_image\"> \n\t\t\t<!-- product image -->\n\t\t\t<div class=\"featured_image\"> \n\t\t\t\t<a href=\"https:\/\/www.albklima.com\/site\/product-details\/kondicionere-portabel\/\" title=\"KONDICIONER\u00cb PORTAB\u00cbL\" rel=\"bookmark\" class=\"imgeffect link\"><img decoding=\"async\" src=\"https:\/\/www.albklima.com\/site\/wp-content\/uploads\/2016\/03\/amc-11-14an-800-640x480.jpg\" alt=\"\" class=\"\" \/><\/a> \n\t\t\t<\/div> \n\t\t<\/div> \n\t\n\n\t\n\t\t\t\t\t\t\n\t\t<div class=\"product_info\">\n\n\t\t\t\t\t\t\t\t<!-- title-->\n\t\t\t\t<h5 class=\"clean_heading\"><a href=\"https:\/\/www.albklima.com\/site\/product-details\/kondicionere-portabel\/\" title=\"KONDICIONER\u00cb PORTAB\u00cbL\" rel=\"bookmark\">KONDICIONER\u00cb PORTAB\u00cbL<\/a><\/h5>\n\t\t\t\t\n\t\t\t\t<!-- text-->\n\t\t\t\t\n\t\t\t\t<div class=\"product_info_footer clearfix\"><div class=\"action_buttons\"><a href=\"https:\/\/www.albklima.com\/site\/product-details\/kondicionere-portabel\/\" title=\"KONDICIONER\u00cb PORTAB\u00cbL\" class=\"details icon-angle-right\">Details<\/a><\/div><\/div> \t\t\n\n\t\t<\/div>\n\t\t\n\n\t\n<\/div><\/div>\n<\/div><div><div class=\"product_item_holder item product  kondicionere-rezidenciale njesite-e-kondensimit\">\n\n<div class=\"product_item_holder\">\n\n\t\t\t<div class=\"featured_image\"> \n\t\t\t<!-- product image -->\n\t\t\t<div class=\"featured_image\"> \n\t\t\t\t<a href=\"https:\/\/www.albklima.com\/site\/product-details\/njesite-e-kondensimit\/\" title=\"NJ\u00cbSIT\u00cb E KONDENSIMIT\" rel=\"bookmark\" class=\"imgeffect link\"><img decoding=\"async\" src=\"https:\/\/www.albklima.com\/site\/wp-content\/uploads\/2016\/03\/condensing-out-800x600px-640x480.jpg\" alt=\"\" class=\"\" \/><\/a> \n\t\t\t<\/div> \n\t\t<\/div> \n\t\n\n\t\n\t\t\t\t\t\t\n\t\t<div class=\"product_info\">\n\n\t\t\t\t\t\t\t\t<!-- title-->\n\t\t\t\t<h5 class=\"clean_heading\"><a href=\"https:\/\/www.albklima.com\/site\/product-details\/njesite-e-kondensimit\/\" title=\"NJ\u00cbSIT\u00cb E KONDENSIMIT\" rel=\"bookmark\">NJ\u00cbSIT\u00cb E KONDENSIMIT<\/a><\/h5>\n\t\t\t\t\n\t\t\t\t<!-- text-->\n\t\t\t\t\n\t\t\t\t<div class=\"product_info_footer clearfix\"><div class=\"action_buttons\"><a href=\"https:\/\/www.albklima.com\/site\/product-details\/njesite-e-kondensimit\/\" title=\"NJ\u00cbSIT\u00cb E KONDENSIMIT\" class=\"details icon-angle-right\">Details<\/a><\/div><\/div> \t\t\n\n\t\t<\/div>\n\t\t\n\n\t\n<\/div><\/div>\n<\/div><div><div class=\"product_item_holder item product  kanalore kondicionere-rezidenciale\">\n\n<div class=\"product_item_holder\">\n\n\t\t\t<div class=\"featured_image\"> \n\t\t\t<!-- product image -->\n\t\t\t<div class=\"featured_image\"> \n\t\t\t\t<a href=\"https:\/\/www.albklima.com\/site\/product-details\/seria-inverter-kanalor\/\" title=\"SERIA UNI 2 DC INVERTER R32 KANALOR\" rel=\"bookmark\" class=\"imgeffect link\"><img decoding=\"async\" src=\"https:\/\/www.albklima.com\/site\/wp-content\/uploads\/2016\/03\/uni-dc-inv-duct-in-02-800x600px-640x480.jpg\" alt=\"\" class=\"\" \/><\/a> \n\t\t\t<\/div> \n\t\t<\/div> \n\t\n\n\t\n\t\t\t\t\t\t\n\t\t<div class=\"product_info\">\n\n\t\t\t\t\t\t\t\t<!-- title-->\n\t\t\t\t<h5 class=\"clean_heading\"><a href=\"https:\/\/www.albklima.com\/site\/product-details\/seria-inverter-kanalor\/\" title=\"SERIA UNI 2 DC INVERTER R32 KANALOR\" rel=\"bookmark\">SERIA UNI 2 DC INVERTER R32 KANALOR<\/a><\/h5>\n\t\t\t\t\n\t\t\t\t<!-- text-->\n\t\t\t\t\n\t\t\t\t<div class=\"product_info_footer clearfix\"><div class=\"action_buttons\"><a href=\"https:\/\/www.albklima.com\/site\/product-details\/seria-inverter-kanalor\/\" title=\"SERIA UNI 2 DC INVERTER R32 KANALOR\" class=\"details icon-angle-right\">Details<\/a><\/div><\/div> \t\t\n\n\t\t<\/div>\n\t\t\n\n\t\n<\/div><\/div>\n<\/div><div><div class=\"product_item_holder item product  dysheme-tavan kondicionere-rezidenciale\">\n\n<div class=\"product_item_holder\">\n\n\t\t\t<div class=\"featured_image\"> \n\t\t\t<!-- product image -->\n\t\t\t<div class=\"featured_image\"> \n\t\t\t\t<a href=\"https:\/\/www.albklima.com\/site\/product-details\/njesi-tip-dysheme-tavan\/\" title=\"NJ\u00cbSI TIP DYSHEME-TAVAN\" rel=\"bookmark\" class=\"imgeffect link\"><img decoding=\"async\" src=\"https:\/\/www.albklima.com\/site\/wp-content\/uploads\/2016\/03\/asfu-48an-800x600px-640x480.png\" alt=\"\" class=\"\" \/><\/a> \n\t\t\t<\/div> \n\t\t<\/div> \n\t\n\n\t\n\t\t\t\t\t\t\n\t\t<div class=\"product_info\">\n\n\t\t\t\t\t\t\t\t<!-- title-->\n\t\t\t\t<h5 class=\"clean_heading\"><a href=\"https:\/\/www.albklima.com\/site\/product-details\/njesi-tip-dysheme-tavan\/\" title=\"NJ\u00cbSI TIP DYSHEME-TAVAN\" rel=\"bookmark\">NJ\u00cbSI TIP DYSHEME-TAVAN<\/a><\/h5>\n\t\t\t\t\n\t\t\t\t<!-- text-->\n\t\t\t\t\n\t\t\t\t<div class=\"product_info_footer clearfix\"><div class=\"action_buttons\"><a href=\"https:\/\/www.albklima.com\/site\/product-details\/njesi-tip-dysheme-tavan\/\" title=\"NJ\u00cbSI TIP DYSHEME-TAVAN\" class=\"details icon-angle-right\">Details<\/a><\/div><\/div> \t\t\n\n\t\t<\/div>\n\t\t\n\n\t\n<\/div><\/div>\n<\/div><div><div class=\"product_item_holder item product  kasete kondicionere-rezidenciale\">\n\n<div class=\"product_item_holder\">\n\n\t\t\t<div class=\"featured_image\"> \n\t\t\t<!-- product image -->\n\t\t\t<div class=\"featured_image\"> \n\t\t\t\t<a href=\"https:\/\/www.albklima.com\/site\/product-details\/njesi-tip-kasete\/\" title=\"NJ\u00cbSI TIP KASET\u00cb\" rel=\"bookmark\" class=\"imgeffect link\"><img decoding=\"async\" src=\"https:\/\/www.albklima.com\/site\/wp-content\/uploads\/2016\/03\/kasete-dc-inv-48-60ain-800x600px-640x480.jpg\" alt=\"\" class=\"\" \/><\/a> \n\t\t\t<\/div> \n\t\t<\/div> \n\t\n\n\t\n\t\t\t\t\t\t\n\t\t<div class=\"product_info\">\n\n\t\t\t\t\t\t\t\t<!-- title-->\n\t\t\t\t<h5 class=\"clean_heading\"><a href=\"https:\/\/www.albklima.com\/site\/product-details\/njesi-tip-kasete\/\" title=\"NJ\u00cbSI TIP KASET\u00cb\" rel=\"bookmark\">NJ\u00cbSI TIP KASET\u00cb<\/a><\/h5>\n\t\t\t\t\n\t\t\t\t<!-- text-->\n\t\t\t\t\n\t\t\t\t<div class=\"product_info_footer clearfix\"><div class=\"action_buttons\"><a href=\"https:\/\/www.albklima.com\/site\/product-details\/njesi-tip-kasete\/\" title=\"NJ\u00cbSI TIP KASET\u00cb\" class=\"details icon-angle-right\">Details<\/a><\/div><\/div> \t\t\n\n\t\t<\/div>\n\t\t\n\n\t\n<\/div><\/div>\n<\/div><div><div class=\"product_item_holder item product  dritare kondicionere-rezidenciale\">\n\n<div class=\"product_item_holder\">\n\n\t\t\t<div class=\"featured_image\"> \n\t\t\t<!-- product image -->\n\t\t\t<div class=\"featured_image\"> \n\t\t\t\t<a href=\"https:\/\/www.albklima.com\/site\/product-details\/seria-dritare\/\" title=\"SERIA DRITARE\" rel=\"bookmark\" class=\"imgeffect link\"><img decoding=\"async\" src=\"https:\/\/www.albklima.com\/site\/wp-content\/uploads\/2016\/03\/window-units-800x600px-300dpi-en-640x480.jpg\" alt=\"\" class=\"\" \/><\/a> \n\t\t\t<\/div> \n\t\t<\/div> \n\t\n\n\t\n\t\t\t\t\t\t\n\t\t<div class=\"product_info\">\n\n\t\t\t\t\t\t\t\t<!-- title-->\n\t\t\t\t<h5 class=\"clean_heading\"><a href=\"https:\/\/www.albklima.com\/site\/product-details\/seria-dritare\/\" title=\"SERIA DRITARE\" rel=\"bookmark\">SERIA DRITARE<\/a><\/h5>\n\t\t\t\t\n\t\t\t\t<!-- text-->\n\t\t\t\t\n\t\t\t\t<div class=\"product_info_footer clearfix\"><div class=\"action_buttons\"><a href=\"https:\/\/www.albklima.com\/site\/product-details\/seria-dritare\/\" title=\"SERIA DRITARE\" class=\"details icon-angle-right\">Details<\/a><\/div><\/div> \t\t\n\n\t\t<\/div>\n\t\t\n\n\t\n<\/div><\/div>\n<\/div>\r\n\t\t\t\t\t<\/div>\r\n\t\t\t\t\t\r\n\t\t\t\t<div id=\"slider-product-dynamicID-250142-dots\" class=\"dots-holder\">\r\n\t\t\t\t<\/div>\r\n\t\t\t\r\n\t\t\t\t<\/div>\r\n\t\t\t[\/vc_column][\/vc_row]<\/p>\n<\/div>","protected":false},"excerpt":{"rendered":"<p>[vc_row rt_row_background_width=&#8221;fullwidth&#8221; rt_row_content_width=&#8221;default&#8221; rt_row_style=&#8221;light-style&#8221; rt_row_borders=&#8221;&#8221; rt_row_paddings=&#8221;true&#8221; rt_bg_image=&#8221;2987&#8243; rt_bg_effect=&#8221;classic&#8221; rt_bg_image_repeat=&#8221;no-repeat&#8221; rt_bg_size=&#8221;cover&#8221; rt_bg_position=&#8221;left top&#8221; rt_bg_attachment=&#8221;scroll&#8221; rt_bg_video_format=&#8221;self-hosted&#8221; rt_padding_top=&#8221;80&#8243; rt_padding_bottom=&#8221;76&#8243;][vc_column rt_bg_image_repeat=&#8221;repeat&#8221; rt_bg_size=&#8221;auto auto&#8221; rt_bg_attachment=&#8221;scroll&#8221;][\/vc_column][\/vc_row][vc_row rt_row_background_width=&#8221;default&#8221; rt_row_style=&#8221;default-style&#8221; rt_row_borders=&#8221;&#8221; rt_overlap=&#8221;true&#8221; rt_row_paddings=&#8221;true&#8221; rt_bg_effect=&#8221;classic&#8221; rt_bg_image_repeat=&#8221;repeat&#8221; rt_bg_size=&#8221;cover&#8221; rt_bg_position=&#8221;right top&#8221; rt_bg_attachment=&#8221;scroll&#8221; rt_bg_video_format=&#8221;self-hosted&#8221;][vc_column rt_bg_image_repeat=&#8221;repeat&#8221; rt_bg_size=&#8221;auto auto&#8221; rt_bg_attachment=&#8221;scroll&#8221;][\/vc_column][\/vc_row][vc_row rt_row_background_width=&#8221;default&#8221; rt_row_style=&#8221;default-style&#8221; rt_row_borders=&#8221;&#8221; rt_row_paddings=&#8221;true&#8221; rt_bg_effect=&#8221;classic&#8221; rt_bg_image_repeat=&#8221;repeat&#8221; rt_bg_size=&#8221;cover&#8221; rt_bg_position=&#8221;right top&#8221; rt_bg_attachment=&#8221;scroll&#8221; rt_bg_video_format=&#8221;self-hosted&#8221;][vc_column rt_bg_image_repeat=&#8221;repeat&#8221; rt_bg_size=&#8221;auto auto&#8221; rt_bg_attachment=&#8221;scroll&#8221;][\/vc_column][\/vc_row]<\/p>\n","protected":false},"author":1,"featured_media":0,"parent":0,"menu_order":0,"comment_status":"closed","ping_status":"closed","template":"","meta":{"footnotes":""},"class_list":["post-7","page","type-page","status-publish","hentry"],"_links":{"self":[{"href":"https:\/\/www.albklima.com\/site\/wp-json\/wp\/v2\/pages\/7","targetHints":{"allow":["GET"]}}],"collection":[{"href":"https:\/\/www.albklima.com\/site\/wp-json\/wp\/v2\/pages"}],"about":[{"href":"https:\/\/www.albklima.com\/site\/wp-json\/wp\/v2\/types\/page"}],"author":[{"embeddable":true,"href":"https:\/\/www.albklima.com\/site\/wp-json\/wp\/v2\/users\/1"}],"replies":[{"embeddable":true,"href":"https:\/\/www.albklima.com\/site\/wp-json\/wp\/v2\/comments?post=7"}],"version-history":[{"count":0,"href":"https:\/\/www.albklima.com\/site\/wp-json\/wp\/v2\/pages\/7\/revisions"}],"wp:attachment":[{"href":"https:\/\/www.albklima.com\/site\/wp-json\/wp\/v2\/media?parent=7"}],"curies":[{"name":"wp","href":"https:\/\/api.w.org\/{rel}","templated":true}]}}